{"id":16799,"date":"2026-02-25T18:08:06","date_gmt":"2026-02-25T18:08:06","guid":{"rendered":"https:\/\/khg.squareone.digital\/?post_type=product&#038;p=16799"},"modified":"2026-03-16T10:10:51","modified_gmt":"2026-03-16T10:10:51","slug":"slim-air-gel","status":"publish","type":"product","link":"https:\/\/kennedy-hygiene.com\/it\/prodotto\/slim-air-gel\/","title":{"rendered":"Slim Air Gel"},"content":{"rendered":"<p>Slim Air ist ein passiver Lufterfrischer, der keine Batterien, keinen Strom und keine Programmierung ben\u00f6tigt.<\/p>\n<div>\n<p>Die Nachf\u00fcllungen halten bis zu 60 Tage und sind f\u00fcr gewerbliche Waschr\u00e4ume geeignet. Die patentierten Gel\u2011Discs bestehen aus geruchsneutralisierenden Materialien und sind f\u00fcr maximale Frische entwickelt.<\/p>\n<p><strong>Material:<\/strong> Die \u00e4u\u00dfere Schale besteht aus HDPE (hochdichtes Polyethylen). Die Schale ist mit Duftgel gef\u00fcllt und mit einer Polypropylenfolie versiegelt.<\/p>\n<p><strong>Lagerung:<\/strong> Gel\u2011Discs an einem k\u00fchlen, dunklen Ort lagern. Leere Schalen gem\u00e4\u00df den \u00f6rtlichen Vorschriften entsorgen.<\/p>\n<p><strong>Verpackung:<\/strong> 12 Kartuschen pro Karton. Gewicht: 0,960 kg (2,12 lb). Abmessungen: 158 \u00d7 158 \u00d7 128 mm (6,22 \u00d7 6,22 \u00d7 5,04 Zoll).<\/p>\n<p>Es sind f\u00fcnf Duftvarianten erh\u00e4ltlich, die Kombinationen aus Sommerfr\u00fcchten, floralen Noten, Zitrus und Kr\u00e4utern, weicher Baumwolle, Waldgr\u00fcn und warmen Gew\u00fcrzen umfassen.<\/p>\n<\/div>\n","protected":false},"excerpt":{"rendered":"<p>Slim Air ist ein passiver Lufterfrischer, der keine Batterien, keinen Strom und keine Programmierung ben\u00f6tigt. Die Nachf\u00fcllungen halten bis zu 60 Tage und sind f\u00fcr gewerbliche Waschr\u00e4ume geeignet. Die patentierten Gel\u2011Discs bestehen aus geruchsneutralisierenden Materialien und sind f\u00fcr maximale Frische entwickelt. Material: Die \u00e4u\u00dfere Schale besteht aus HDPE (hochdichtes Polyethylen). Die Schale ist mit Duftgel<a class=\"excerpt-read-more\" href=\"https:\/\/kennedy-hygiene.com\/it\/prodotto\/slim-air-gel\/\" title=\"ReadSlim Air Gel\">&#8230; Read more &raquo;<\/a><\/p>\n","protected":false},"featured_media":2501,"comment_status":"closed","ping_status":"closed","template":"","meta":{"_acf_changed":false},"product_brand":[],"product_cat":[889,929,215],"product_tag":[],"class_list":{"0":"post-16799","1":"product","2":"type-product","3":"status-publish","4":"has-post-thumbnail","6":"product_cat-deodoranti-consumabili","7":"product_cat-consumabili","8":"product_cat-deodoranti","9":"pa_scent-drift","10":"pa_scent-cloudburst","11":"pa_scent-sunrise","12":"pa_scent-solstice","13":"pa_scent-horizon","15":"first","16":"outofstock","17":"product-type-variable","18":"has-default-attributes"},"acf":[],"_links":{"self":[{"href":"https:\/\/kennedy-hygiene.com\/it\/wp-json\/wp\/v2\/product\/16799","targetHints":{"allow":["GET"]}}],"collection":[{"href":"https:\/\/kennedy-hygiene.com\/it\/wp-json\/wp\/v2\/product"}],"about":[{"href":"https:\/\/kennedy-hygiene.com\/it\/wp-json\/wp\/v2\/types\/product"}],"replies":[{"embeddable":true,"href":"https:\/\/kennedy-hygiene.com\/it\/wp-json\/wp\/v2\/comments?post=16799"}],"wp:featuredmedia":[{"embeddable":true,"href":"https:\/\/kennedy-hygiene.com\/it\/wp-json\/wp\/v2\/media\/2501"}],"wp:attachment":[{"href":"https:\/\/kennedy-hygiene.com\/it\/wp-json\/wp\/v2\/media?parent=16799"}],"wp:term":[{"taxonomy":"product_brand","embeddable":true,"href":"https:\/\/kennedy-hygiene.com\/it\/wp-json\/wp\/v2\/product_brand?post=16799"},{"taxonomy":"product_cat","embeddable":true,"href":"https:\/\/kennedy-hygiene.com\/it\/wp-json\/wp\/v2\/product_cat?post=16799"},{"taxonomy":"product_tag","embeddable":true,"href":"https:\/\/kennedy-hygiene.com\/it\/wp-json\/wp\/v2\/product_tag?post=16799"}],"curies":[{"name":"wp","href":"https:\/\/api.w.org\/{rel}","templated":true}]}}