{"id":15289,"date":"2026-02-25T18:10:23","date_gmt":"2026-02-25T18:10:23","guid":{"rendered":"https:\/\/khg.squareone.digital\/product\/il-disco-gel-slim-air\/"},"modified":"2026-02-25T18:28:12","modified_gmt":"2026-02-25T18:28:12","slug":"il-disco-gel-slim-air","status":"publish","type":"product","link":"https:\/\/kennedy-hygiene.com\/it\/prodotto\/il-disco-gel-slim-air\/","title":{"rendered":"Il disco gel Slim Air"},"content":{"rendered":"<p>Slim Air \u00e8 un deodorante passivo che non necessita di batterie, alimentazione o programmazione.<br \/>\nLe ricariche durano fino a 60 giorni e sono adatte ai bagni commerciali.<br \/>\nI dischi in gel brevettati sono realizzati con materiali che neutralizzano gli odori, progettati per offrire la massima freschezza.<\/p>\n<p>Materiale:<br \/>\nIl contenitore esterno \u00e8 realizzato in HDPE. (Polietilene ad alta densit\u00e0). Il contenitore \u00e8 riempito con gel profumato e sigillato con pellicola di polipropilene.<\/p>\n<p>Conservazione:<br \/>\nConservare i dischi di gel in un luogo fresco e buio. Smaltire i vuoti in conformit\u00e0 con le normative locali.<\/p>\n<p>Imballaggio: 12 cartucce confezionate in un cartone.<br \/>\nPeso 0,960 kg (2,12 libbre). Dimensioni: 158 x 158 x 128 mm (6,22 x 6,22 x 5,04 pollici)<\/p>\n<p>Sono disponibili cinque fragranze che combinano frutta estiva, profumi floreali, agrumi ed erbe aromatiche, cotone morbido, verdure di bosco e spezie calde.<\/p>\n","protected":false},"excerpt":{"rendered":"<p>Slim Air \u00e8 un deodorante passivo che non necessita di batterie, alimentazione o programmazione. Le ricariche durano fino a 60 giorni e sono adatte ai bagni commerciali. I dischi in gel brevettati sono realizzati con materiali che neutralizzano gli odori, progettati per offrire la massima freschezza. Materiale: Il contenitore esterno \u00e8 realizzato in HDPE. (Polietilene<a class=\"excerpt-read-more\" href=\"https:\/\/kennedy-hygiene.com\/it\/prodotto\/il-disco-gel-slim-air\/\" title=\"ReadIl disco gel Slim Air\">&#8230; Read more &raquo;<\/a><\/p>\n","protected":false},"featured_media":2497,"comment_status":"closed","ping_status":"open","template":"","meta":{"_acf_changed":false},"product_brand":[],"product_cat":[345],"product_tag":[],"class_list":{"0":"post-15289","1":"product","2":"type-product","3":"status-publish","4":"has-post-thumbnail","6":"product_cat-uncategorised-it","7":"pa_scent-sunrise","8":"pa_scent-solstice","9":"pa_scent-horizon","10":"pa_scent-drift","11":"pa_scent-cloudburst","13":"first","14":"instock","15":"product-type-variable","16":"has-default-attributes"},"acf":[],"_links":{"self":[{"href":"https:\/\/kennedy-hygiene.com\/it\/wp-json\/wp\/v2\/product\/15289","targetHints":{"allow":["GET"]}}],"collection":[{"href":"https:\/\/kennedy-hygiene.com\/it\/wp-json\/wp\/v2\/product"}],"about":[{"href":"https:\/\/kennedy-hygiene.com\/it\/wp-json\/wp\/v2\/types\/product"}],"replies":[{"embeddable":true,"href":"https:\/\/kennedy-hygiene.com\/it\/wp-json\/wp\/v2\/comments?post=15289"}],"wp:featuredmedia":[{"embeddable":true,"href":"https:\/\/kennedy-hygiene.com\/it\/wp-json\/wp\/v2\/media\/2497"}],"wp:attachment":[{"href":"https:\/\/kennedy-hygiene.com\/it\/wp-json\/wp\/v2\/media?parent=15289"}],"wp:term":[{"taxonomy":"product_brand","embeddable":true,"href":"https:\/\/kennedy-hygiene.com\/it\/wp-json\/wp\/v2\/product_brand?post=15289"},{"taxonomy":"product_cat","embeddable":true,"href":"https:\/\/kennedy-hygiene.com\/it\/wp-json\/wp\/v2\/product_cat?post=15289"},{"taxonomy":"product_tag","embeddable":true,"href":"https:\/\/kennedy-hygiene.com\/it\/wp-json\/wp\/v2\/product_tag?post=15289"}],"curies":[{"name":"wp","href":"https:\/\/api.w.org\/{rel}","templated":true}]}}