{"id":13181,"date":"2025-07-21T17:11:25","date_gmt":"2025-07-21T17:11:25","guid":{"rendered":"https:\/\/khg.squareone.digital\/product\/recycled-grey-intima-4\/"},"modified":"2025-07-21T17:16:03","modified_gmt":"2025-07-21T17:16:03","slug":"recycled-grey-intima-4","status":"publish","type":"product","link":"https:\/\/kennedy-hygiene.com\/it\/prodotto\/recycled-grey-intima-4\/","title":{"rendered":"Recycled Grey Intima"},"content":{"rendered":"<p>Intima \u00e8 una robusta unit\u00e0 per l&#8217;igiene femminile, esteticamente gradevole, che pu\u00f2 essere sottoposta a manutenzione. Disponibile con capacit\u00e0 da 23 litri, il suo design moderno occupa uno spazio minimo sul pavimento. Pu\u00f2 essere usata per il servizio di cambio dei cestini.<\/p>\n<p>Intima integra funzionalit\u00e0 eccezionale, qualit\u00e0 e funzioni intelligenti per facilitare la manutenzione e promuovere la massima igiene e, allo stesso tempo, rendere gradevole l&#8217;esperienza dell&#8217;utilizzatore finale.<\/p>\n<p>Come il nome stesso suggerisce, il dispositivo Intima grigio riciclato \u00e8 realizzato in plastica ABS riciclata. Il tono di grigio e la coerenza tra un&#8217;unit\u00e0 e l&#8217;altra tendono a variare e non possono essere garantiti.<\/p>\n","protected":false},"excerpt":{"rendered":"<p>Unit\u00e0 per l&#8217;igiene femminile ecologica ed economica<\/p>\n","protected":false},"featured_media":0,"comment_status":"closed","ping_status":"closed","template":"","meta":{"_acf_changed":false},"product_brand":[],"product_cat":[265,259],"product_tag":[],"class_list":{"0":"post-13181","1":"product","2":"type-product","3":"status-publish","5":"product_cat-contenitori-per-assorbenti-igienici-femminili","6":"product_cat-smaltimento-sanitario","7":"pa_finish-grey-3","9":"first","10":"instock","11":"product-type-variable","12":"has-default-attributes"},"acf":[],"_links":{"self":[{"href":"https:\/\/kennedy-hygiene.com\/it\/wp-json\/wp\/v2\/product\/13181","targetHints":{"allow":["GET"]}}],"collection":[{"href":"https:\/\/kennedy-hygiene.com\/it\/wp-json\/wp\/v2\/product"}],"about":[{"href":"https:\/\/kennedy-hygiene.com\/it\/wp-json\/wp\/v2\/types\/product"}],"replies":[{"embeddable":true,"href":"https:\/\/kennedy-hygiene.com\/it\/wp-json\/wp\/v2\/comments?post=13181"}],"wp:attachment":[{"href":"https:\/\/kennedy-hygiene.com\/it\/wp-json\/wp\/v2\/media?parent=13181"}],"wp:term":[{"taxonomy":"product_brand","embeddable":true,"href":"https:\/\/kennedy-hygiene.com\/it\/wp-json\/wp\/v2\/product_brand?post=13181"},{"taxonomy":"product_cat","embeddable":true,"href":"https:\/\/kennedy-hygiene.com\/it\/wp-json\/wp\/v2\/product_cat?post=13181"},{"taxonomy":"product_tag","embeddable":true,"href":"https:\/\/kennedy-hygiene.com\/it\/wp-json\/wp\/v2\/product_tag?post=13181"}],"curies":[{"name":"wp","href":"https:\/\/api.w.org\/{rel}","templated":true}]}}