{"id":13171,"date":"2025-07-21T17:10:58","date_gmt":"2025-07-21T17:10:58","guid":{"rendered":"https:\/\/khg.squareone.digital\/product\/sigma-coreless-3\/"},"modified":"2025-07-21T17:15:55","modified_gmt":"2025-07-21T17:15:55","slug":"sigma-coreless-3","status":"publish","type":"product","link":"https:\/\/kennedy-hygiene.com\/it\/prodotto\/sigma-coreless-3\/","title":{"rendered":"Sigma  Coreless"},"content":{"rendered":"<p>Sigma  Coreless \u00e8 un distributore di carta igienica con doppio rotolo senza anima che garantisce la continuit\u00e0 dell\u2019erogazione della carta ed offre grande capienza in un prodotto compatto.<\/p>\n<p>Ideale per aree a medio traffico; pu\u00f2 contenere rotoli senza anima con diametro esterno fino a 140 mm e profondit\u00e0 115 mm.<\/p>\n<p>L\u2019unit\u00e0 pu\u00f2 vantare intelligenti funzionalit\u00e0 per la manutenzione come una speciale protezione che impedisce automaticamente l\u2019accesso al nuovo rotolo fino a quando il rotolo in uso non \u00e8 finito, riducendo cos\u00ec il consumo di carta.<\/p>\n","protected":false},"excerpt":{"rendered":"<p>Distributore di carta igienica con doppio rotoli senza anima<\/p>\n","protected":false},"featured_media":0,"comment_status":"closed","ping_status":"closed","template":"","meta":{"_acf_changed":false},"product_brand":[],"product_cat":[327,271],"product_tag":[],"class_list":{"0":"post-13171","1":"product","2":"type-product","3":"status-publish","5":"product_cat-distributore-di-carta-igienica-con-doppio-rotolo","6":"product_cat-carta-igienica","7":"pa_finish-silver-it","8":"pa_finish-white-it","10":"first","11":"instock","12":"product-type-variable","13":"has-default-attributes"},"acf":[],"_links":{"self":[{"href":"https:\/\/kennedy-hygiene.com\/it\/wp-json\/wp\/v2\/product\/13171","targetHints":{"allow":["GET"]}}],"collection":[{"href":"https:\/\/kennedy-hygiene.com\/it\/wp-json\/wp\/v2\/product"}],"about":[{"href":"https:\/\/kennedy-hygiene.com\/it\/wp-json\/wp\/v2\/types\/product"}],"replies":[{"embeddable":true,"href":"https:\/\/kennedy-hygiene.com\/it\/wp-json\/wp\/v2\/comments?post=13171"}],"wp:attachment":[{"href":"https:\/\/kennedy-hygiene.com\/it\/wp-json\/wp\/v2\/media?parent=13171"}],"wp:term":[{"taxonomy":"product_brand","embeddable":true,"href":"https:\/\/kennedy-hygiene.com\/it\/wp-json\/wp\/v2\/product_brand?post=13171"},{"taxonomy":"product_cat","embeddable":true,"href":"https:\/\/kennedy-hygiene.com\/it\/wp-json\/wp\/v2\/product_cat?post=13171"},{"taxonomy":"product_tag","embeddable":true,"href":"https:\/\/kennedy-hygiene.com\/it\/wp-json\/wp\/v2\/product_tag?post=13171"}],"curies":[{"name":"wp","href":"https:\/\/api.w.org\/{rel}","templated":true}]}}