{"id":13165,"date":"2025-07-21T17:10:45","date_gmt":"2025-07-21T17:10:45","guid":{"rendered":"https:\/\/khg.squareone.digital\/product\/savona-max-4\/"},"modified":"2025-07-21T17:15:50","modified_gmt":"2025-07-21T17:15:50","slug":"savona-max-4","status":"publish","type":"product","link":"https:\/\/kennedy-hygiene.com\/it\/prodotto\/savona-max-4\/","title":{"rendered":"Savona Max"},"content":{"rendered":"<p>Savona Max \u00e8 un erogatore di sapone in schiuma con riserva con una delle massime capacit\u00e0 di riserva sul mercato. Il serbatoio di riserva integrato di 200 ml \u00e8 concepito per evitare sprechi e per assicurare una disponibilit\u00e0 continua di sapone per l&#8217;utilizzatore finale.<\/p>\n<p>Concepito per ambienti ad alto traffico, l&#8217;erogatore ha una cartuccia grande da 800 ml e integra numerose funzioni di manutenzione facili da usare.<\/p>\n","protected":false},"excerpt":{"rendered":"<p>Erogatore di sapone in schiuma con riserva<\/p>\n","protected":false},"featured_media":0,"comment_status":"closed","ping_status":"closed","template":"","meta":{"_acf_changed":false},"product_brand":[],"product_cat":[287,307],"product_tag":[],"class_list":{"0":"post-13165","1":"product","2":"type-product","3":"status-publish","5":"product_cat-lavaggio-delle-mani","6":"product_cat-dispenser-di-sapone-schiuma","7":"pa_finish-white-it","9":"first","10":"instock","11":"product-type-variable","12":"has-default-attributes"},"acf":[],"_links":{"self":[{"href":"https:\/\/kennedy-hygiene.com\/it\/wp-json\/wp\/v2\/product\/13165","targetHints":{"allow":["GET"]}}],"collection":[{"href":"https:\/\/kennedy-hygiene.com\/it\/wp-json\/wp\/v2\/product"}],"about":[{"href":"https:\/\/kennedy-hygiene.com\/it\/wp-json\/wp\/v2\/types\/product"}],"replies":[{"embeddable":true,"href":"https:\/\/kennedy-hygiene.com\/it\/wp-json\/wp\/v2\/comments?post=13165"}],"wp:attachment":[{"href":"https:\/\/kennedy-hygiene.com\/it\/wp-json\/wp\/v2\/media?parent=13165"}],"wp:term":[{"taxonomy":"product_brand","embeddable":true,"href":"https:\/\/kennedy-hygiene.com\/it\/wp-json\/wp\/v2\/product_brand?post=13165"},{"taxonomy":"product_cat","embeddable":true,"href":"https:\/\/kennedy-hygiene.com\/it\/wp-json\/wp\/v2\/product_cat?post=13165"},{"taxonomy":"product_tag","embeddable":true,"href":"https:\/\/kennedy-hygiene.com\/it\/wp-json\/wp\/v2\/product_tag?post=13165"}],"curies":[{"name":"wp","href":"https:\/\/api.w.org\/{rel}","templated":true}]}}