{"id":13157,"date":"2025-07-21T17:10:32","date_gmt":"2025-07-21T17:10:32","guid":{"rendered":"https:\/\/khg.squareone.digital\/product\/pod-mk3-4\/"},"modified":"2025-07-21T17:15:44","modified_gmt":"2025-07-21T17:15:44","slug":"pod-mk3-4","status":"publish","type":"product","link":"https:\/\/kennedy-hygiene.com\/it\/prodotto\/pod-mk3-4\/","title":{"rendered":"Pod MK3"},"content":{"rendered":"<p>Pod rappresenta la nuova generazione di erogatori di carta meccanici, a taglio automatico, con una delle massime capacit\u00e0 di carta sul mercato. Grazie al sistema brevettato di caricamento del rullo di riserva, un nuovo rullo pu\u00f2 essere caricato prima che il precedente sia completamente finito, cos\u00ec non si sprecher\u00e0 carta. Questa funzione di riserva pu\u00f2 far risparmiare fino al 14% di consumo di carta*.<\/p>\n<p>Questo erogatore di asciugamani di carta di riserva \u00e8 concepito per accogliere diverse lunghezze di carta a 1 e 2 strati. Con il suo design moderno, Pod \u00e8 una scelta eccellente per un&#8217;asciugatura efficace ed elegante.<\/p>\n<p>*In base alle specifiche della carta<\/p>\n","protected":false},"excerpt":{"rendered":"<p>Erogatore con rullo di carta di riserva a taglio automatico<\/p>\n","protected":false},"featured_media":0,"comment_status":"closed","ping_status":"open","template":"","meta":{"_acf_changed":false},"product_brand":[],"product_cat":[233,227],"product_tag":[],"class_list":{"0":"post-13157","1":"product","2":"type-product","3":"status-publish","5":"product_cat-dispenser-carta-asciugamani","6":"product_cat-asciugatura-delle-mani-it","7":"pa_finish-chrome-it","8":"pa_finish-obsidian-it","9":"pa_finish-satin-it","10":"pa_finish-silver-it","11":"pa_finish-white-it","13":"first","14":"instock","15":"product-type-variable","16":"has-default-attributes"},"acf":[],"_links":{"self":[{"href":"https:\/\/kennedy-hygiene.com\/it\/wp-json\/wp\/v2\/product\/13157","targetHints":{"allow":["GET"]}}],"collection":[{"href":"https:\/\/kennedy-hygiene.com\/it\/wp-json\/wp\/v2\/product"}],"about":[{"href":"https:\/\/kennedy-hygiene.com\/it\/wp-json\/wp\/v2\/types\/product"}],"replies":[{"embeddable":true,"href":"https:\/\/kennedy-hygiene.com\/it\/wp-json\/wp\/v2\/comments?post=13157"}],"wp:attachment":[{"href":"https:\/\/kennedy-hygiene.com\/it\/wp-json\/wp\/v2\/media?parent=13157"}],"wp:term":[{"taxonomy":"product_brand","embeddable":true,"href":"https:\/\/kennedy-hygiene.com\/it\/wp-json\/wp\/v2\/product_brand?post=13157"},{"taxonomy":"product_cat","embeddable":true,"href":"https:\/\/kennedy-hygiene.com\/it\/wp-json\/wp\/v2\/product_cat?post=13157"},{"taxonomy":"product_tag","embeddable":true,"href":"https:\/\/kennedy-hygiene.com\/it\/wp-json\/wp\/v2\/product_tag?post=13157"}],"curies":[{"name":"wp","href":"https:\/\/api.w.org\/{rel}","templated":true}]}}