{"id":13149,"date":"2025-07-21T17:10:17","date_gmt":"2025-07-21T17:10:17","guid":{"rendered":"https:\/\/khg.squareone.digital\/product\/nova-auto-4\/"},"modified":"2025-07-21T17:15:38","modified_gmt":"2025-07-21T17:15:38","slug":"nova-auto-4","status":"publish","type":"product","link":"https:\/\/kennedy-hygiene.com\/it\/prodotto\/nova-auto-4\/","title":{"rendered":"Nova Auto"},"content":{"rendered":"<p>Nova Auto \u00e8 la prossima generazione nella gamma di cestini automatici per l&#8217;igiene femminile prodotta da Kennedy. Seguendo la scia della linea di cestini Intima, questa \u00e8 un&#8217;unit\u00e0 ulteriormente migliorata, leader sul mercato.<\/p>\n<p>Disponibile con capacit\u00e0 da 22 L, ha un design moderno e compatto per un uso ottimale dello spazio sul pavimento. Facile da usare e robusta, questa unit\u00e0 pu\u00f2 essere utilizzata il servizio di cambio sacco dei cestini.L&#8217;unit\u00e0 Nova Auto \u00e8 l&#8217;immagine di funzionalit\u00e0 e qualit\u00e0 eccellenti nonch\u00e9 funzioni uniche per una manutenzione facile.<\/p>\n","protected":false},"excerpt":{"rendered":"<p>La soluzione perfetta per la massima igiene<\/p>\n","protected":false},"featured_media":0,"comment_status":"closed","ping_status":"open","template":"","meta":{"_acf_changed":false},"product_brand":[],"product_cat":[265,259],"product_tag":[],"class_list":{"0":"post-13149","1":"product","2":"type-product","3":"status-publish","5":"product_cat-contenitori-per-assorbenti-igienici-femminili","6":"product_cat-smaltimento-sanitario","7":"pa_finish-chrome-it","8":"pa_finish-silver-it","9":"pa_finish-white-it","11":"first","12":"instock","13":"product-type-variable","14":"has-default-attributes"},"acf":[],"_links":{"self":[{"href":"https:\/\/kennedy-hygiene.com\/it\/wp-json\/wp\/v2\/product\/13149","targetHints":{"allow":["GET"]}}],"collection":[{"href":"https:\/\/kennedy-hygiene.com\/it\/wp-json\/wp\/v2\/product"}],"about":[{"href":"https:\/\/kennedy-hygiene.com\/it\/wp-json\/wp\/v2\/types\/product"}],"replies":[{"embeddable":true,"href":"https:\/\/kennedy-hygiene.com\/it\/wp-json\/wp\/v2\/comments?post=13149"}],"wp:attachment":[{"href":"https:\/\/kennedy-hygiene.com\/it\/wp-json\/wp\/v2\/media?parent=13149"}],"wp:term":[{"taxonomy":"product_brand","embeddable":true,"href":"https:\/\/kennedy-hygiene.com\/it\/wp-json\/wp\/v2\/product_brand?post=13149"},{"taxonomy":"product_cat","embeddable":true,"href":"https:\/\/kennedy-hygiene.com\/it\/wp-json\/wp\/v2\/product_cat?post=13149"},{"taxonomy":"product_tag","embeddable":true,"href":"https:\/\/kennedy-hygiene.com\/it\/wp-json\/wp\/v2\/product_tag?post=13149"}],"curies":[{"name":"wp","href":"https:\/\/api.w.org\/{rel}","templated":true}]}}