{"id":12989,"date":"2025-07-21T16:34:15","date_gmt":"2025-07-21T16:34:15","guid":{"rendered":"https:\/\/khg.squareone.digital\/product\/auto-pod-4\/"},"modified":"2025-07-21T16:39:57","modified_gmt":"2025-07-21T16:39:57","slug":"auto-pod-4","status":"publish","type":"product","link":"https:\/\/kennedy-hygiene.com\/it\/prodotto\/auto-pod-4\/","title":{"rendered":"Auto Pod"},"content":{"rendered":"<p>Il dispositivo Auto Pod \u00e8 un erogatore di rullo di riserva no touch dotato di una delle maggiori capacit\u00e0 di contenimento di carta sul mercato. Grazie al sistema brevettato di caricamento del rullo di riserva, un nuovo rullo pu\u00f2 essere caricato prima che il precedente sia completamente finito, cos\u00ec non si sprecher\u00e0 carta.<\/p>\n<p>Con il suo design moderno l&#8217;Auto Pod rappresenta la scelta eccellente per una asciugatura delle mani efficace ed elegante, garantendo la massima igiene all\u2019utilizzatore finale.<\/p>\n","protected":false},"excerpt":{"rendered":"<p>Erogatore automatico di rullo di carta di riserva<\/p>\n","protected":false},"featured_media":0,"comment_status":"closed","ping_status":"open","template":"","meta":{"_acf_changed":false},"product_brand":[],"product_cat":[233,227],"product_tag":[],"class_list":{"0":"post-12989","1":"product","2":"type-product","3":"status-publish","5":"product_cat-dispenser-carta-asciugamani","6":"product_cat-asciugatura-delle-mani-it","7":"pa_finish-chrome-it","8":"pa_finish-satin-it","9":"pa_finish-silver-it","10":"pa_finish-white-it","12":"first","13":"instock","14":"product-type-variable","15":"has-default-attributes"},"acf":[],"_links":{"self":[{"href":"https:\/\/kennedy-hygiene.com\/it\/wp-json\/wp\/v2\/product\/12989","targetHints":{"allow":["GET"]}}],"collection":[{"href":"https:\/\/kennedy-hygiene.com\/it\/wp-json\/wp\/v2\/product"}],"about":[{"href":"https:\/\/kennedy-hygiene.com\/it\/wp-json\/wp\/v2\/types\/product"}],"replies":[{"embeddable":true,"href":"https:\/\/kennedy-hygiene.com\/it\/wp-json\/wp\/v2\/comments?post=12989"}],"wp:attachment":[{"href":"https:\/\/kennedy-hygiene.com\/it\/wp-json\/wp\/v2\/media?parent=12989"}],"wp:term":[{"taxonomy":"product_brand","embeddable":true,"href":"https:\/\/kennedy-hygiene.com\/it\/wp-json\/wp\/v2\/product_brand?post=12989"},{"taxonomy":"product_cat","embeddable":true,"href":"https:\/\/kennedy-hygiene.com\/it\/wp-json\/wp\/v2\/product_cat?post=12989"},{"taxonomy":"product_tag","embeddable":true,"href":"https:\/\/kennedy-hygiene.com\/it\/wp-json\/wp\/v2\/product_tag?post=12989"}],"curies":[{"name":"wp","href":"https:\/\/api.w.org\/{rel}","templated":true}]}}