{"id":12829,"date":"2025-07-21T16:08:27","date_gmt":"2025-07-21T16:08:27","guid":{"rendered":"https:\/\/khg.squareone.digital\/product\/ladybin-4\/"},"modified":"2025-07-21T16:12:41","modified_gmt":"2025-07-21T16:12:41","slug":"ladybin-4","status":"publish","type":"product","link":"https:\/\/kennedy-hygiene.com\/it\/prodotto\/ladybin-4\/","title":{"rendered":"Ladybin"},"content":{"rendered":"<p>Ladybin \u00e8 un moderno contenitore per assorbenti igienici femminili da 23 litri che offre la massimo capienza con il minimo ingombro a pavimento. L&#8217;unit\u00e0 pu\u00f2 essere usata sia col solo secchio interno che con i sacchetti ed \u00e8 disponibile in versione manuale ed elettronica senza contatto.<\/p>\n<p>Ladybin \u00e8 un prodotto robusto, fatto con materiali di alta qualit\u00e0. Presenta funzionalit\u00e0 intelligenti per aiutare la manutenzione e favorire la massima igiene, rendendo l&#8217;esperienza dell&#8217;utilizzatore il pi\u00f9 confortevole possibile.<\/p>\n","protected":false},"excerpt":{"rendered":"<p>Contenitore per assorbenti igienici femminili moderno<\/p>\n","protected":false},"featured_media":0,"comment_status":"closed","ping_status":"open","template":"","meta":{"_acf_changed":false},"product_brand":[],"product_cat":[265,259],"product_tag":[],"class_list":{"0":"post-12829","1":"product","2":"type-product","3":"status-publish","5":"product_cat-contenitori-per-assorbenti-igienici-femminili","6":"product_cat-smaltimento-sanitario","7":"pa_finish-silver-it","8":"pa_finish-white-it","10":"first","11":"instock","12":"product-type-variable","13":"has-default-attributes"},"acf":[],"_links":{"self":[{"href":"https:\/\/kennedy-hygiene.com\/it\/wp-json\/wp\/v2\/product\/12829","targetHints":{"allow":["GET"]}}],"collection":[{"href":"https:\/\/kennedy-hygiene.com\/it\/wp-json\/wp\/v2\/product"}],"about":[{"href":"https:\/\/kennedy-hygiene.com\/it\/wp-json\/wp\/v2\/types\/product"}],"replies":[{"embeddable":true,"href":"https:\/\/kennedy-hygiene.com\/it\/wp-json\/wp\/v2\/comments?post=12829"}],"wp:attachment":[{"href":"https:\/\/kennedy-hygiene.com\/it\/wp-json\/wp\/v2\/media?parent=12829"}],"wp:term":[{"taxonomy":"product_brand","embeddable":true,"href":"https:\/\/kennedy-hygiene.com\/it\/wp-json\/wp\/v2\/product_brand?post=12829"},{"taxonomy":"product_cat","embeddable":true,"href":"https:\/\/kennedy-hygiene.com\/it\/wp-json\/wp\/v2\/product_cat?post=12829"},{"taxonomy":"product_tag","embeddable":true,"href":"https:\/\/kennedy-hygiene.com\/it\/wp-json\/wp\/v2\/product_tag?post=12829"}],"curies":[{"name":"wp","href":"https:\/\/api.w.org\/{rel}","templated":true}]}}