{"id":12821,"date":"2025-07-21T16:08:14","date_gmt":"2025-07-21T16:08:14","guid":{"rendered":"https:\/\/khg.squareone.digital\/product\/intima-mini-auto-4\/"},"modified":"2025-07-21T16:12:34","modified_gmt":"2025-07-21T16:12:34","slug":"intima-mini-auto-4","status":"publish","type":"product","link":"https:\/\/kennedy-hygiene.com\/it\/prodotto\/intima-mini-auto-4\/","title":{"rendered":"Intima Mini Auto"},"content":{"rendered":"<p>Intima Auto \u00e8 stato studiato per rispondere alla richiesta del mercato di un contenitore per assorbenti igienici femminili che fosse robusto, esteticamente gradevole e di facile manutenzione. In breve tempo, Intima di Kennedy \u00e8 diventato il contenitore per assorbenti igienici femminili leader del suo mercato.<\/p>\n<p>I due modelli compatti da 23 litri e da 15 litri, Intima e Intima Mini, abbinano una grande capacit\u00e0 di raccolta ad un design compatto, elegante e moderno, con un minimo ingombro a pavimento. Entrambi i modelli possono essere usati il servizio di cambio sacco dei cestini, e offrono funzionalit\u00e0 eccezionali, qualit\u00e0 ed estrema semplicit\u00e0 di manutenzione.<\/p>\n<p>Le unit\u00e0 sono disponibili in tutta la gamma di finiture Kennedy.<\/p>\n","protected":false},"excerpt":{"rendered":"<p>Contenitore automatico per assorbenti igienici femminili leader del mercato<\/p>\n","protected":false},"featured_media":0,"comment_status":"closed","ping_status":"open","template":"","meta":{"_acf_changed":false},"product_brand":[],"product_cat":[265,259],"product_tag":[],"class_list":{"0":"post-12821","1":"product","2":"type-product","3":"status-publish","5":"product_cat-contenitori-per-assorbenti-igienici-femminili","6":"product_cat-smaltimento-sanitario","7":"pa_finish-chrome-it","8":"pa_finish-silver-it","9":"pa_finish-white-it","11":"first","12":"instock","13":"product-type-variable","14":"has-default-attributes"},"acf":[],"_links":{"self":[{"href":"https:\/\/kennedy-hygiene.com\/it\/wp-json\/wp\/v2\/product\/12821","targetHints":{"allow":["GET"]}}],"collection":[{"href":"https:\/\/kennedy-hygiene.com\/it\/wp-json\/wp\/v2\/product"}],"about":[{"href":"https:\/\/kennedy-hygiene.com\/it\/wp-json\/wp\/v2\/types\/product"}],"replies":[{"embeddable":true,"href":"https:\/\/kennedy-hygiene.com\/it\/wp-json\/wp\/v2\/comments?post=12821"}],"wp:attachment":[{"href":"https:\/\/kennedy-hygiene.com\/it\/wp-json\/wp\/v2\/media?parent=12821"}],"wp:term":[{"taxonomy":"product_brand","embeddable":true,"href":"https:\/\/kennedy-hygiene.com\/it\/wp-json\/wp\/v2\/product_brand?post=12821"},{"taxonomy":"product_cat","embeddable":true,"href":"https:\/\/kennedy-hygiene.com\/it\/wp-json\/wp\/v2\/product_cat?post=12821"},{"taxonomy":"product_tag","embeddable":true,"href":"https:\/\/kennedy-hygiene.com\/it\/wp-json\/wp\/v2\/product_tag?post=12821"}],"curies":[{"name":"wp","href":"https:\/\/api.w.org\/{rel}","templated":true}]}}