{"id":12631,"date":"2025-07-21T15:34:11","date_gmt":"2025-07-21T15:34:11","guid":{"rendered":"https:\/\/khg.squareone.digital\/product\/intima-4\/"},"modified":"2025-07-21T15:41:06","modified_gmt":"2025-07-21T15:41:06","slug":"intima-4","status":"publish","type":"product","link":"https:\/\/kennedy-hygiene.com\/it\/prodotto\/intima-4\/","title":{"rendered":"Intima"},"content":{"rendered":"<p>Intima \u00e8 stato studiato per rispondere alla richiesta del mercato di un contenitore per assorbenti igienici femminili che fosse robusto, esteticamente gradevole e di facile manutenzione. In breve tempo, Intima di Kennedy \u00e8 diventato il contenitore per assorbenti igienici femminili leader del suo mercato.<\/p>\n<p>I due modelli compatti da 23 litri e da 15 litri, Intima e Intima Mini, abbinano una grande capacit\u00e0 di raccolta ad un design compatto, elegante e moderno, con un minimo ingombro a pavimento. Entrambi i modelli possono essere usati il servizio di cambio sacco dei cestini, e offrono funzionalit\u00e0 eccezionali, qualit\u00e0 ed estrema semplicit\u00e0 di manutenzione.\u00a0 Le unit\u00e0 sono disponibili in versione manuale, con azionamento a pedale o elettronico senza contatto, in tutta la gamma di finiture Kennedy.<\/p>\n","protected":false},"excerpt":{"rendered":"<p>Contenitore per assorbenti igienici femminili leader del mercato<\/p>\n","protected":false},"featured_media":0,"comment_status":"closed","ping_status":"open","template":"","meta":{"_acf_changed":false},"product_brand":[],"product_cat":[265,259],"product_tag":[],"class_list":{"0":"post-12631","1":"product","2":"type-product","3":"status-publish","5":"product_cat-contenitori-per-assorbenti-igienici-femminili","6":"product_cat-smaltimento-sanitario","7":"pa_finish-chrome-it","8":"pa_finish-satin-it","9":"pa_finish-silver-it","10":"pa_finish-white-it","11":"pa_finish-grey-3","13":"first","14":"instock","15":"product-type-variable","16":"has-default-attributes"},"acf":[],"_links":{"self":[{"href":"https:\/\/kennedy-hygiene.com\/it\/wp-json\/wp\/v2\/product\/12631","targetHints":{"allow":["GET"]}}],"collection":[{"href":"https:\/\/kennedy-hygiene.com\/it\/wp-json\/wp\/v2\/product"}],"about":[{"href":"https:\/\/kennedy-hygiene.com\/it\/wp-json\/wp\/v2\/types\/product"}],"replies":[{"embeddable":true,"href":"https:\/\/kennedy-hygiene.com\/it\/wp-json\/wp\/v2\/comments?post=12631"}],"wp:attachment":[{"href":"https:\/\/kennedy-hygiene.com\/it\/wp-json\/wp\/v2\/media?parent=12631"}],"wp:term":[{"taxonomy":"product_brand","embeddable":true,"href":"https:\/\/kennedy-hygiene.com\/it\/wp-json\/wp\/v2\/product_brand?post=12631"},{"taxonomy":"product_cat","embeddable":true,"href":"https:\/\/kennedy-hygiene.com\/it\/wp-json\/wp\/v2\/product_cat?post=12631"},{"taxonomy":"product_tag","embeddable":true,"href":"https:\/\/kennedy-hygiene.com\/it\/wp-json\/wp\/v2\/product_tag?post=12631"}],"curies":[{"name":"wp","href":"https:\/\/api.w.org\/{rel}","templated":true}]}}