{"id":12325,"date":"2025-07-21T15:09:07","date_gmt":"2025-07-21T15:09:07","guid":{"rendered":"https:\/\/khg.squareone.digital\/product\/airplus-4\/"},"modified":"2025-07-21T15:19:29","modified_gmt":"2025-07-21T15:19:29","slug":"airplus-4","status":"publish","type":"product","link":"https:\/\/kennedy-hygiene.com\/it\/prodotto\/airplus-4\/","title":{"rendered":"Airplus"},"content":{"rendered":"<p>Airplus  \u00e8 un diffusore di profumo semplice, senza batteria, da attaccare alla porta dei cubicoli nelle aree bagno. L&#8217;unit\u00e0 offre la massima facilit\u00e0 di manutenzione perch\u00e9 si ricarica e si attiva facilmente, non ha bisogno di essere programmata.<\/p>\n<p>Il sistema a stoppino incorporato garantisce un rilascio costante e graduale della fragranza fino a 60 giorni.<\/p>\n<p>Per Airplus  \u00e8 disponibile una serie di 5 fragranze Kennedy che vanno dalle note fresche e rinfrescanti a quelle fruttate e fiorite.<\/p>\n","protected":false},"excerpt":{"rendered":"<p>Diffusore di profumo per ambienti con stoppino 60 giorni senza batteria<\/p>\n","protected":false},"featured_media":0,"comment_status":"closed","ping_status":"open","template":"","meta":{"_acf_changed":false},"product_brand":[],"product_cat":[221,215],"product_tag":[],"class_list":{"0":"post-12325","1":"product","2":"type-product","3":"status-publish","5":"product_cat-diffusore-di-profumo-non-aerosol","6":"product_cat-deodoranti","7":"pa_finish-white-it","8":"pa_finish-chrome-it","9":"pa_finish-satin-it","10":"pa_finish-silver-it","12":"first","13":"instock","14":"product-type-variable","15":"has-default-attributes"},"acf":[],"_links":{"self":[{"href":"https:\/\/kennedy-hygiene.com\/it\/wp-json\/wp\/v2\/product\/12325","targetHints":{"allow":["GET"]}}],"collection":[{"href":"https:\/\/kennedy-hygiene.com\/it\/wp-json\/wp\/v2\/product"}],"about":[{"href":"https:\/\/kennedy-hygiene.com\/it\/wp-json\/wp\/v2\/types\/product"}],"replies":[{"embeddable":true,"href":"https:\/\/kennedy-hygiene.com\/it\/wp-json\/wp\/v2\/comments?post=12325"}],"wp:attachment":[{"href":"https:\/\/kennedy-hygiene.com\/it\/wp-json\/wp\/v2\/media?parent=12325"}],"wp:term":[{"taxonomy":"product_brand","embeddable":true,"href":"https:\/\/kennedy-hygiene.com\/it\/wp-json\/wp\/v2\/product_brand?post=12325"},{"taxonomy":"product_cat","embeddable":true,"href":"https:\/\/kennedy-hygiene.com\/it\/wp-json\/wp\/v2\/product_cat?post=12325"},{"taxonomy":"product_tag","embeddable":true,"href":"https:\/\/kennedy-hygiene.com\/it\/wp-json\/wp\/v2\/product_tag?post=12325"}],"curies":[{"name":"wp","href":"https:\/\/api.w.org\/{rel}","templated":true}]}}