{"id":12317,"date":"2025-07-21T15:08:55","date_gmt":"2025-07-21T15:08:55","guid":{"rendered":"https:\/\/khg.squareone.digital\/product\/maxima-4\/"},"modified":"2025-07-21T15:19:23","modified_gmt":"2025-07-21T15:19:23","slug":"maxima-4","status":"publish","type":"product","link":"https:\/\/kennedy-hygiene.com\/it\/prodotto\/maxima-4\/","title":{"rendered":"Maxima"},"content":{"rendered":"<p>Maxima  \u00e8 un distributore di carta igienica in rotolo con riserva, ideale per aree ad alta frequentazione. L&#8217;unit\u00e0 pu\u00f2 contenere qualsiasi tipo di rotolo con diametro dell&#8217;anima di 56-62\u00a0mm e diametro esterno fino a 280\u00a0mm. Maxima  vanta intelligenti funzionalit\u00e0 per la manutenzione come una speciale protezione che impedisce automaticamente l&#8217;accesso al nuovo rotolo fino a quando il rotolo in uso non \u00e8 finito. Grazie a questa funzionalit\u00e0, si possono ottenere risparmi sulla carta fino al 20%.<\/p>\n<p>Maxima  \u00e8 anche dotato di una pratica finestra per controllare quando serve una ricarica e un sistema di freno rimovibile che aiuta a tenere sotto controllo i consumabili e a ridurre gli sprechi.<\/p>\n","protected":false},"excerpt":{"rendered":"<p>Distributore di carta igienica con riserva<\/p>\n","protected":false},"featured_media":0,"comment_status":"closed","ping_status":"open","template":"","meta":{"_acf_changed":false},"product_brand":[],"product_cat":[277,271],"product_tag":[],"class_list":{"0":"post-12317","1":"product","2":"type-product","3":"status-publish","5":"product_cat-carta-igienica-rotolo-jumbo","6":"product_cat-carta-igienica","7":"pa_finish-chrome-it","8":"pa_finish-satin-it","9":"pa_finish-silver-it","10":"pa_finish-white-it","12":"first","13":"instock","14":"product-type-variable","15":"has-default-attributes"},"acf":[],"_links":{"self":[{"href":"https:\/\/kennedy-hygiene.com\/it\/wp-json\/wp\/v2\/product\/12317","targetHints":{"allow":["GET"]}}],"collection":[{"href":"https:\/\/kennedy-hygiene.com\/it\/wp-json\/wp\/v2\/product"}],"about":[{"href":"https:\/\/kennedy-hygiene.com\/it\/wp-json\/wp\/v2\/types\/product"}],"replies":[{"embeddable":true,"href":"https:\/\/kennedy-hygiene.com\/it\/wp-json\/wp\/v2\/comments?post=12317"}],"wp:attachment":[{"href":"https:\/\/kennedy-hygiene.com\/it\/wp-json\/wp\/v2\/media?parent=12317"}],"wp:term":[{"taxonomy":"product_brand","embeddable":true,"href":"https:\/\/kennedy-hygiene.com\/it\/wp-json\/wp\/v2\/product_brand?post=12317"},{"taxonomy":"product_cat","embeddable":true,"href":"https:\/\/kennedy-hygiene.com\/it\/wp-json\/wp\/v2\/product_cat?post=12317"},{"taxonomy":"product_tag","embeddable":true,"href":"https:\/\/kennedy-hygiene.com\/it\/wp-json\/wp\/v2\/product_tag?post=12317"}],"curies":[{"name":"wp","href":"https:\/\/api.w.org\/{rel}","templated":true}]}}