{"id":12309,"date":"2025-07-21T15:08:26","date_gmt":"2025-07-21T15:08:26","guid":{"rendered":"https:\/\/khg.squareone.digital\/product\/jumbo-4\/"},"modified":"2025-07-21T15:19:18","modified_gmt":"2025-07-21T15:19:18","slug":"jumbo-4","status":"publish","type":"product","link":"https:\/\/kennedy-hygiene.com\/it\/prodotto\/jumbo-4\/","title":{"rendered":"Jumbo"},"content":{"rendered":"<p>Jumbo  \u00e8 un distributore di carta igienica in rotolo, ideale per aree a media e alta frequentazione. L&#8217;unit\u00e0 pu\u00f2 contenere qualsiasi tipo di rotolo con diametro dell&#8217;anima di 56-62\u00a0mm e diametro esterno fino a 280\u00a0mm.<\/p>\n<p>\u00c8 dotato di una pratica finestra incorporata per aiutare la manutenzione e di un sistema di freno rimovibile che permette di controllare il consumo e ridurre gli sprechi.<\/p>\n","protected":false},"excerpt":{"rendered":"<p>Distributore di carta igienica a rotolo<\/p>\n","protected":false},"featured_media":0,"comment_status":"closed","ping_status":"closed","template":"","meta":{"_acf_changed":false},"product_brand":[],"product_cat":[277,271],"product_tag":[],"class_list":{"0":"post-12309","1":"product","2":"type-product","3":"status-publish","5":"product_cat-carta-igienica-rotolo-jumbo","6":"product_cat-carta-igienica","7":"pa_finish-chrome-it","8":"pa_finish-obsidian-it","9":"pa_finish-satin-it","10":"pa_finish-silver-it","11":"pa_finish-white-it","13":"first","14":"instock","15":"product-type-variable","16":"has-default-attributes"},"acf":[],"_links":{"self":[{"href":"https:\/\/kennedy-hygiene.com\/it\/wp-json\/wp\/v2\/product\/12309","targetHints":{"allow":["GET"]}}],"collection":[{"href":"https:\/\/kennedy-hygiene.com\/it\/wp-json\/wp\/v2\/product"}],"about":[{"href":"https:\/\/kennedy-hygiene.com\/it\/wp-json\/wp\/v2\/types\/product"}],"replies":[{"embeddable":true,"href":"https:\/\/kennedy-hygiene.com\/it\/wp-json\/wp\/v2\/comments?post=12309"}],"wp:attachment":[{"href":"https:\/\/kennedy-hygiene.com\/it\/wp-json\/wp\/v2\/media?parent=12309"}],"wp:term":[{"taxonomy":"product_brand","embeddable":true,"href":"https:\/\/kennedy-hygiene.com\/it\/wp-json\/wp\/v2\/product_brand?post=12309"},{"taxonomy":"product_cat","embeddable":true,"href":"https:\/\/kennedy-hygiene.com\/it\/wp-json\/wp\/v2\/product_cat?post=12309"},{"taxonomy":"product_tag","embeddable":true,"href":"https:\/\/kennedy-hygiene.com\/it\/wp-json\/wp\/v2\/product_tag?post=12309"}],"curies":[{"name":"wp","href":"https:\/\/api.w.org\/{rel}","templated":true}]}}