{"id":12301,"date":"2025-07-21T15:08:14","date_gmt":"2025-07-21T15:08:14","guid":{"rendered":"https:\/\/khg.squareone.digital\/product\/sigma-4\/"},"modified":"2025-07-21T15:19:11","modified_gmt":"2025-07-21T15:19:11","slug":"sigma-4","status":"publish","type":"product","link":"https:\/\/kennedy-hygiene.com\/it\/prodotto\/sigma-4\/","title":{"rendered":"Sigma"},"content":{"rendered":"<p>Sigma  \u00e8 un distributore di carta igienica con doppio rotolo che garantisce la continuit\u00e0 dell&#8217;erogazione della carta ed offre grande capienza in un prodotto compatto. Sigma  \u00e8 ideale per aree a bassa e media frequentazione; pu\u00f2 contenere un rotolo di carta igienica con diametro dell&#8217;anima da 28 a 45\u00a0mm e diametro esterno fino a 140\u00a0mm. L&#8217;unit\u00e0 pu\u00f2 vantare intelligenti funzionalit\u00e0 per la manutenzione come una speciale protezione che impedisce automaticamente l&#8217;accesso al nuovo rotolo fino a quando il rotolo in uso non \u00e8 finito, riducendo cos\u00ec il consumo di carta.<\/p>\n<p>Sigma  \u00e8 anche dotato di un inserto frontale trasparente di forma ellittica per controllare quando serve una ricarica e un sistema di freno rimovibile che aiuta a tenere sotto controllo i consumabili e a ridurre gli sprechi. Per questo prodotto \u00e8 anche disponibile una serie di inserti personalizzati e nella gamma di finiture esteticamente gradevoli di Kennedy.<\/p>\n","protected":false},"excerpt":{"rendered":"<p>Distributore di carta igienica con doppio rotolo<\/p>\n","protected":false},"featured_media":0,"comment_status":"closed","ping_status":"open","template":"","meta":{"_acf_changed":false},"product_brand":[],"product_cat":[327,271],"product_tag":[],"class_list":{"0":"post-12301","1":"product","2":"type-product","3":"status-publish","5":"product_cat-distributore-di-carta-igienica-con-doppio-rotolo","6":"product_cat-carta-igienica","7":"pa_finish-chrome-it","8":"pa_finish-obsidian-it","9":"pa_finish-silver-it","10":"pa_finish-white-it","12":"first","13":"instock","14":"product-type-variable","15":"has-default-attributes"},"acf":[],"_links":{"self":[{"href":"https:\/\/kennedy-hygiene.com\/it\/wp-json\/wp\/v2\/product\/12301","targetHints":{"allow":["GET"]}}],"collection":[{"href":"https:\/\/kennedy-hygiene.com\/it\/wp-json\/wp\/v2\/product"}],"about":[{"href":"https:\/\/kennedy-hygiene.com\/it\/wp-json\/wp\/v2\/types\/product"}],"replies":[{"embeddable":true,"href":"https:\/\/kennedy-hygiene.com\/it\/wp-json\/wp\/v2\/comments?post=12301"}],"wp:attachment":[{"href":"https:\/\/kennedy-hygiene.com\/it\/wp-json\/wp\/v2\/media?parent=12301"}],"wp:term":[{"taxonomy":"product_brand","embeddable":true,"href":"https:\/\/kennedy-hygiene.com\/it\/wp-json\/wp\/v2\/product_brand?post=12301"},{"taxonomy":"product_cat","embeddable":true,"href":"https:\/\/kennedy-hygiene.com\/it\/wp-json\/wp\/v2\/product_cat?post=12301"},{"taxonomy":"product_tag","embeddable":true,"href":"https:\/\/kennedy-hygiene.com\/it\/wp-json\/wp\/v2\/product_tag?post=12301"}],"curies":[{"name":"wp","href":"https:\/\/api.w.org\/{rel}","templated":true}]}}