{"id":12293,"date":"2025-07-21T15:08:01","date_gmt":"2025-07-21T15:08:01","guid":{"rendered":"https:\/\/khg.squareone.digital\/product\/savona-wopa-4\/"},"modified":"2025-07-21T15:19:05","modified_gmt":"2025-07-21T15:19:05","slug":"savona-wopa-4","status":"publish","type":"product","link":"https:\/\/kennedy-hygiene.com\/it\/prodotto\/savona-wopa-4\/","title":{"rendered":"Savona Wopa"},"content":{"rendered":"<p>Savona Wopa \u00e8 il distributore di sapone di grande capienza di Kennedy. Questo distributore da ben 2,5 litri \u00e8 disponibile in versione a cartuccia o a riempimento e si adatta a tutte le aree di lavaggio delle mani. Pensato per facilitare la manutenzione, \u00e8 un distributore robusto ed affidabile, che pu\u00f2 vantare pratiche funzionalit\u00e0 come un coperchio trasparente e una copertura incernierata per maggior comodit\u00e0 dell&#8217;operatore. Il distributore \u00e8 stato progettato per erogare un dosaggio a bassa quantit\u00e0 per controllare i costi.<\/p>\n<p>Savona Wopa ha un design dall&#8217;estetica classica che gli permette di adattarsi ad ambienti sia normali che di prestigio. Sono disponibili un&#8217;ampia gamma di consumabili per uso nel commercio e nell&#8217;industria.<\/p>\n","protected":false},"excerpt":{"rendered":"<p>Distributore di sapone di grande capienza<\/p>\n","protected":false},"featured_media":0,"comment_status":"closed","ping_status":"open","template":"","meta":{"_acf_changed":false},"product_brand":[],"product_cat":[295,287],"product_tag":[],"class_list":{"0":"post-12293","1":"product","2":"type-product","3":"status-publish","5":"product_cat-dispenser-di-sapone-liquido","6":"product_cat-lavaggio-delle-mani","7":"pa_finish-white-it","9":"first","10":"instock","11":"product-type-variable","12":"has-default-attributes"},"acf":[],"_links":{"self":[{"href":"https:\/\/kennedy-hygiene.com\/it\/wp-json\/wp\/v2\/product\/12293","targetHints":{"allow":["GET"]}}],"collection":[{"href":"https:\/\/kennedy-hygiene.com\/it\/wp-json\/wp\/v2\/product"}],"about":[{"href":"https:\/\/kennedy-hygiene.com\/it\/wp-json\/wp\/v2\/types\/product"}],"replies":[{"embeddable":true,"href":"https:\/\/kennedy-hygiene.com\/it\/wp-json\/wp\/v2\/comments?post=12293"}],"wp:attachment":[{"href":"https:\/\/kennedy-hygiene.com\/it\/wp-json\/wp\/v2\/media?parent=12293"}],"wp:term":[{"taxonomy":"product_brand","embeddable":true,"href":"https:\/\/kennedy-hygiene.com\/it\/wp-json\/wp\/v2\/product_brand?post=12293"},{"taxonomy":"product_cat","embeddable":true,"href":"https:\/\/kennedy-hygiene.com\/it\/wp-json\/wp\/v2\/product_cat?post=12293"},{"taxonomy":"product_tag","embeddable":true,"href":"https:\/\/kennedy-hygiene.com\/it\/wp-json\/wp\/v2\/product_tag?post=12293"}],"curies":[{"name":"wp","href":"https:\/\/api.w.org\/{rel}","templated":true}]}}