{"id":12029,"date":"2025-07-21T14:41:09","date_gmt":"2025-07-21T14:41:09","guid":{"rendered":"https:\/\/khg.squareone.digital\/product\/savona-4\/"},"modified":"2025-07-21T14:50:14","modified_gmt":"2025-07-21T14:50:14","slug":"savona-4","status":"publish","type":"product","link":"https:\/\/kennedy-hygiene.com\/it\/prodotto\/savona-4\/","title":{"rendered":"Savona"},"content":{"rendered":"<p>Savona  \u00e8 un distributore di sapone liquido dal design classico, adatto per tutte le aree di lavaggio delle mani. Questo distributore di sapone da 1 litro \u00e8 disponibile in versione con cartuccia e a riempimento, ed \u00e8 pensato per facilitare la manutenzione. Robusto ed affidabile, \u00e8 dotato di importanti funzionalit\u00e0 sia per la manutenzione che per l&#8217;igiene.<\/p>\n<p>Per Savona  \u00e8 disponibile un&#8217;ampia gamma di consumabili che vanno dal sapone normale a quello cosmetico o antibatterico e il gel disinfettante.<\/p>\n","protected":false},"excerpt":{"rendered":"<p>Distributore di sapone liquido robusto ed elegante<\/p>\n","protected":false},"featured_media":0,"comment_status":"closed","ping_status":"open","template":"","meta":{"_acf_changed":false},"product_brand":[],"product_cat":[295,287],"product_tag":[],"class_list":{"0":"post-12029","1":"product","2":"type-product","3":"status-publish","5":"product_cat-dispenser-di-sapone-liquido","6":"product_cat-lavaggio-delle-mani","7":"pa_finish-chrome-it","8":"pa_finish-obsidian-it","9":"pa_finish-satin-it","10":"pa_finish-silver-it","11":"pa_finish-white-it","13":"first","14":"instock","15":"product-type-variable","16":"has-default-attributes"},"acf":[],"_links":{"self":[{"href":"https:\/\/kennedy-hygiene.com\/it\/wp-json\/wp\/v2\/product\/12029","targetHints":{"allow":["GET"]}}],"collection":[{"href":"https:\/\/kennedy-hygiene.com\/it\/wp-json\/wp\/v2\/product"}],"about":[{"href":"https:\/\/kennedy-hygiene.com\/it\/wp-json\/wp\/v2\/types\/product"}],"replies":[{"embeddable":true,"href":"https:\/\/kennedy-hygiene.com\/it\/wp-json\/wp\/v2\/comments?post=12029"}],"wp:attachment":[{"href":"https:\/\/kennedy-hygiene.com\/it\/wp-json\/wp\/v2\/media?parent=12029"}],"wp:term":[{"taxonomy":"product_brand","embeddable":true,"href":"https:\/\/kennedy-hygiene.com\/it\/wp-json\/wp\/v2\/product_brand?post=12029"},{"taxonomy":"product_cat","embeddable":true,"href":"https:\/\/kennedy-hygiene.com\/it\/wp-json\/wp\/v2\/product_cat?post=12029"},{"taxonomy":"product_tag","embeddable":true,"href":"https:\/\/kennedy-hygiene.com\/it\/wp-json\/wp\/v2\/product_tag?post=12029"}],"curies":[{"name":"wp","href":"https:\/\/api.w.org\/{rel}","templated":true}]}}