{"id":12021,"date":"2025-07-21T14:40:33","date_gmt":"2025-07-21T14:40:33","guid":{"rendered":"https:\/\/khg.squareone.digital\/product\/easyroll-4\/"},"modified":"2025-07-21T14:50:08","modified_gmt":"2025-07-21T14:50:08","slug":"easyroll-4","status":"publish","type":"product","link":"https:\/\/kennedy-hygiene.com\/it\/prodotto\/easyroll-4\/","title":{"rendered":"Easyroll"},"content":{"rendered":"<p>Easyroll  \u00e8 un distributore di carta asciugamani ad estrazione centrale per bagni, cucine e per il settore dell&#8217;ospitalit\u00e0. L&#8217;unit\u00e0 pu\u00f2 contenere qualsiasi bobina ad estrazione centrale di diametro 210 mm e larghezza 230 mm. Easyroll  \u00e8 dotato di un anello di tensione regolabile per generare la tensione necessaria a distribuire i diversi tipi di spessore di carta in modo controllato.<\/p>\n<p>Easyroll E ha un coperchio trasparente che consente di vedere il livello della carta e che \u00e8 resistente all&#8217;acqua e alla polvere per mantenere l&#8217;asciugamani asciutto e pulito. L&#8217;unit\u00e0 pu\u00f2 essere chiusa con la chiave comune Kennedy oppure convertita in un&#8217;unit\u00e0 senza chiave utilizzando la maniglia di apertura fornita col prodotto.<\/p>\n","protected":false},"excerpt":{"rendered":"<p>Distributore ad estrazione centrale<\/p>\n","protected":false},"featured_media":0,"comment_status":"closed","ping_status":"open","template":"","meta":{"_acf_changed":false},"product_brand":[],"product_cat":[233,227],"product_tag":[],"class_list":{"0":"post-12021","1":"product","2":"type-product","3":"status-publish","5":"product_cat-dispenser-carta-asciugamani","6":"product_cat-asciugatura-delle-mani-it","7":"pa_finish-white-it","9":"first","10":"instock","11":"product-type-variable","12":"has-default-attributes"},"acf":[],"_links":{"self":[{"href":"https:\/\/kennedy-hygiene.com\/it\/wp-json\/wp\/v2\/product\/12021","targetHints":{"allow":["GET"]}}],"collection":[{"href":"https:\/\/kennedy-hygiene.com\/it\/wp-json\/wp\/v2\/product"}],"about":[{"href":"https:\/\/kennedy-hygiene.com\/it\/wp-json\/wp\/v2\/types\/product"}],"replies":[{"embeddable":true,"href":"https:\/\/kennedy-hygiene.com\/it\/wp-json\/wp\/v2\/comments?post=12021"}],"wp:attachment":[{"href":"https:\/\/kennedy-hygiene.com\/it\/wp-json\/wp\/v2\/media?parent=12021"}],"wp:term":[{"taxonomy":"product_brand","embeddable":true,"href":"https:\/\/kennedy-hygiene.com\/it\/wp-json\/wp\/v2\/product_brand?post=12021"},{"taxonomy":"product_cat","embeddable":true,"href":"https:\/\/kennedy-hygiene.com\/it\/wp-json\/wp\/v2\/product_cat?post=12021"},{"taxonomy":"product_tag","embeddable":true,"href":"https:\/\/kennedy-hygiene.com\/it\/wp-json\/wp\/v2\/product_tag?post=12021"}],"curies":[{"name":"wp","href":"https:\/\/api.w.org\/{rel}","templated":true}]}}