{"id":12013,"date":"2025-07-21T14:40:15","date_gmt":"2025-07-21T14:40:15","guid":{"rendered":"https:\/\/khg.squareone.digital\/product\/prima-4\/"},"modified":"2025-07-21T14:49:58","modified_gmt":"2025-07-21T14:49:58","slug":"prima-4","status":"publish","type":"product","link":"https:\/\/kennedy-hygiene.com\/it\/prodotto\/prima-4\/","title":{"rendered":"Prima"},"content":{"rendered":"<p>Prima  \u00e8 un distributore di asciugamani in carta per l&#8217;erogazione di un singolo foglio di carta che pu\u00f2 essere usato con diversi tipi di asciugamani. Ideale per aree a bassa e media frequentazione, Prima  \u00e8 affidabile e resistente, \u00e8 dotato di un meccanismo esclusivo di erogazione della carta asciugamani studiato per ridurre lo spreco di consumabili.<\/p>\n<p>L&#8217;unit\u00e0 aiuta la manutenzione grazie a una serie di funzionalit\u00e0 intelligenti che includono un sistema di ricarica continua per evitare mancanza di carta ed un coperchio incernierato per velocizzare la manutenzione.<\/p>\n","protected":false},"excerpt":{"rendered":"<p>Distributore di asciugamani in carta intercalati<\/p>\n","protected":false},"featured_media":0,"comment_status":"closed","ping_status":"open","template":"","meta":{"_acf_changed":false},"product_brand":[],"product_cat":[233,227],"product_tag":[],"class_list":{"0":"post-12013","1":"product","2":"type-product","3":"status-publish","5":"product_cat-dispenser-carta-asciugamani","6":"product_cat-asciugatura-delle-mani-it","7":"pa_finish-obsidian-it","8":"pa_finish-satin-it","9":"pa_finish-silver-it","10":"pa_finish-white-it","11":"pa_finish-chrome-it","13":"first","14":"instock","15":"product-type-variable","16":"has-default-attributes"},"acf":[],"_links":{"self":[{"href":"https:\/\/kennedy-hygiene.com\/it\/wp-json\/wp\/v2\/product\/12013","targetHints":{"allow":["GET"]}}],"collection":[{"href":"https:\/\/kennedy-hygiene.com\/it\/wp-json\/wp\/v2\/product"}],"about":[{"href":"https:\/\/kennedy-hygiene.com\/it\/wp-json\/wp\/v2\/types\/product"}],"replies":[{"embeddable":true,"href":"https:\/\/kennedy-hygiene.com\/it\/wp-json\/wp\/v2\/comments?post=12013"}],"wp:attachment":[{"href":"https:\/\/kennedy-hygiene.com\/it\/wp-json\/wp\/v2\/media?parent=12013"}],"wp:term":[{"taxonomy":"product_brand","embeddable":true,"href":"https:\/\/kennedy-hygiene.com\/it\/wp-json\/wp\/v2\/product_brand?post=12013"},{"taxonomy":"product_cat","embeddable":true,"href":"https:\/\/kennedy-hygiene.com\/it\/wp-json\/wp\/v2\/product_cat?post=12013"},{"taxonomy":"product_tag","embeddable":true,"href":"https:\/\/kennedy-hygiene.com\/it\/wp-json\/wp\/v2\/product_tag?post=12013"}],"curies":[{"name":"wp","href":"https:\/\/api.w.org\/{rel}","templated":true}]}}