{"id":16797,"date":"2026-02-11T10:48:05","date_gmt":"2026-02-11T10:48:05","guid":{"rendered":"https:\/\/khg.squareone.digital\/?post_type=product&#038;p=16797"},"modified":"2026-03-16T10:27:26","modified_gmt":"2026-03-16T10:27:26","slug":"pod-v4","status":"publish","type":"product","link":"https:\/\/kennedy-hygiene.com\/es\/producto\/pod-v4\/","title":{"rendered":"Pod V4"},"content":{"rendered":"<p>El Pod V4 es un dispensador de toallas de papel accionado mec\u00e1nicamente, dise\u00f1ado para ofrecer un rendimiento y una higiene \u00f3ptimos. Est\u00e1 concebido para funcionar de forma fiable con una amplia variedad de tipos de papel y marcas de rollos, desde opciones premium hasta alternativas m\u00e1s econ\u00f3micas, garantizando una dispensaci\u00f3n suave y constante en todo momento.<\/p>\n<div>\n<p>El Pod V4 dispensa hojas individuales de 25\u202fcm para una higiene m\u00e1xima, con arrastre autom\u00e1tico del papel y un dise\u00f1o compacto y moderno que asegura un corte limpio y uniforme en cada uso.<\/p>\n<p>Fabricado en ABS resistente y termopl\u00e1sticos de ingenier\u00eda, ofrece fiabilidad a largo plazo y utiliza la llave de seguridad universal Kennedy para un acceso controlado.<\/p>\n<p>El mantenimiento es r\u00e1pido e intuitivo gracias a la cubierta transl\u00facida, que permite comprobar f\u00e1cilmente el nivel del rollo, y a las claras instrucciones internas de carga.<\/p>\n<p>El dispensador es compatible con n\u00facleos de 38\u201345\u202fmm, anchos de rollo de 190\u2013195\u202fmm, un di\u00e1metro m\u00e1ximo de rollo de 190\u202fmm y un peso de hasta 1,15\u202fkg, con un mandril ajustable opcional (18\u201321\u202fcm).<\/p>\n<p>El armario es reciclable de acuerdo con la normativa local.<\/p>\n<\/div>\n","protected":false},"excerpt":{"rendered":"<p>El Pod V4 es un dispensador de toallas de papel accionado mec\u00e1nicamente, dise\u00f1ado para ofrecer un rendimiento y una higiene \u00f3ptimos. Est\u00e1 concebido para funcionar de forma fiable con una amplia variedad de tipos de papel y marcas de rollos, desde opciones premium hasta alternativas m\u00e1s econ\u00f3micas, garantizando una dispensaci\u00f3n suave y constante en todo<a class=\"excerpt-read-more\" href=\"https:\/\/kennedy-hygiene.com\/es\/producto\/pod-v4\/\" title=\"ReadPod V4\">&#8230; Read more &raquo;<\/a><\/p>\n","protected":false},"featured_media":0,"comment_status":"closed","ping_status":"closed","template":"","meta":{"_acf_changed":false},"product_brand":[],"product_cat":[235,229],"product_tag":[],"class_list":{"0":"post-16797","1":"product","2":"type-product","3":"status-publish","5":"product_cat-dispensadores-de-toallitas","6":"product_cat-secado-de-manos-es","7":"pa_finish-chrome-es","8":"pa_finish-obsidian-es","9":"pa_finish-silver-es","10":"pa_finish-white-es","12":"first","13":"instock","14":"shipping-taxable","15":"product-type-variable","16":"has-default-attributes"},"acf":[],"_links":{"self":[{"href":"https:\/\/kennedy-hygiene.com\/es\/wp-json\/wp\/v2\/product\/16797","targetHints":{"allow":["GET"]}}],"collection":[{"href":"https:\/\/kennedy-hygiene.com\/es\/wp-json\/wp\/v2\/product"}],"about":[{"href":"https:\/\/kennedy-hygiene.com\/es\/wp-json\/wp\/v2\/types\/product"}],"replies":[{"embeddable":true,"href":"https:\/\/kennedy-hygiene.com\/es\/wp-json\/wp\/v2\/comments?post=16797"}],"wp:attachment":[{"href":"https:\/\/kennedy-hygiene.com\/es\/wp-json\/wp\/v2\/media?parent=16797"}],"wp:term":[{"taxonomy":"product_brand","embeddable":true,"href":"https:\/\/kennedy-hygiene.com\/es\/wp-json\/wp\/v2\/product_brand?post=16797"},{"taxonomy":"product_cat","embeddable":true,"href":"https:\/\/kennedy-hygiene.com\/es\/wp-json\/wp\/v2\/product_cat?post=16797"},{"taxonomy":"product_tag","embeddable":true,"href":"https:\/\/kennedy-hygiene.com\/es\/wp-json\/wp\/v2\/product_tag?post=16797"}],"curies":[{"name":"wp","href":"https:\/\/api.w.org\/{rel}","templated":true}]}}