{"id":16795,"date":"2026-02-25T18:07:38","date_gmt":"2026-02-25T18:07:38","guid":{"rendered":"https:\/\/khg.squareone.digital\/?post_type=product&#038;p=16795"},"modified":"2026-03-16T10:23:58","modified_gmt":"2026-03-16T10:23:58","slug":"spa-ambientador-en-lata","status":"publish","type":"product","link":"https:\/\/kennedy-hygiene.com\/es\/producto\/spa-ambientador-en-lata\/","title":{"rendered":"Spa Ambientador en Lata"},"content":{"rendered":"<p>Las 12 fragancias contienen un agente neutralizante patentado de alta eficacia. Al pulverizar la fragancia, el agente neutralizante descompone las mol\u00e9culas responsables de los malos olores presentes en el ambiente.<\/p>\n<div>\n<p>Los recambios est\u00e1n disponibles en latas de aerosol sin CFC (160 ml \/ 5,4 oz o 3.000 pulverizaciones). Cada fragancia neutraliza tanto los olores de los ba\u00f1os como los del tabaco.<\/p>\n<p><strong>Embalaje:<\/strong><br \/>\nCantidad m\u00ednima de pedido (MOQ): 12 latas por caja.<br \/>\nPeso: 2,02 kg (4,85 lb).<br \/>\nDimensiones: 120 \u00d7 160 \u00d7 150 mm (4,72 \u00d7 6,30 \u00d7 5,91 in).<\/p>\n<p>Desechar las latas vac\u00edas de acuerdo con la normativa local.<\/p>\n<\/div>\n","protected":false},"excerpt":{"rendered":"<p>Las 12 fragancias contienen un agente neutralizante patentado de alta eficacia. Al pulverizar la fragancia, el agente neutralizante descompone las mol\u00e9culas responsables de los malos olores presentes en el ambiente. Los recambios est\u00e1n disponibles en latas de aerosol sin CFC (160 ml \/ 5,4 oz o 3.000 pulverizaciones). Cada fragancia neutraliza tanto los olores de<a class=\"excerpt-read-more\" href=\"https:\/\/kennedy-hygiene.com\/es\/producto\/spa-ambientador-en-lata\/\" title=\"ReadSpa Ambientador en Lata\">&#8230; Read more &raquo;<\/a><\/p>\n","protected":false},"featured_media":2391,"comment_status":"closed","ping_status":"closed","template":"","meta":{"_acf_changed":false},"product_brand":[],"product_cat":[891,931,217],"product_tag":[],"class_list":{"0":"post-16795","1":"product","2":"type-product","3":"status-publish","4":"has-post-thumbnail","6":"product_cat-ambientadores-consumibles","7":"product_cat-consumibles","8":"product_cat-ambientadores","9":"pa_scent-warm-sandalwood","10":"pa_scent-blue-tonic","11":"pa_scent-lemon-citrus","12":"pa_scent-green-tea","13":"pa_scent-lilac-mist","14":"pa_scent-white-bouquet","15":"pa_scent-apple-zest","16":"pa_scent-vanilla-blossom","17":"pa_scent-water-fresh","18":"pa_scent-mint-zone","19":"pa_scent-peach-zing","20":"pa_scent-citrus-spring","22":"first","23":"outofstock","24":"product-type-variable","25":"has-default-attributes"},"acf":[],"_links":{"self":[{"href":"https:\/\/kennedy-hygiene.com\/es\/wp-json\/wp\/v2\/product\/16795","targetHints":{"allow":["GET"]}}],"collection":[{"href":"https:\/\/kennedy-hygiene.com\/es\/wp-json\/wp\/v2\/product"}],"about":[{"href":"https:\/\/kennedy-hygiene.com\/es\/wp-json\/wp\/v2\/types\/product"}],"replies":[{"embeddable":true,"href":"https:\/\/kennedy-hygiene.com\/es\/wp-json\/wp\/v2\/comments?post=16795"}],"wp:featuredmedia":[{"embeddable":true,"href":"https:\/\/kennedy-hygiene.com\/es\/wp-json\/wp\/v2\/media\/2391"}],"wp:attachment":[{"href":"https:\/\/kennedy-hygiene.com\/es\/wp-json\/wp\/v2\/media?parent=16795"}],"wp:term":[{"taxonomy":"product_brand","embeddable":true,"href":"https:\/\/kennedy-hygiene.com\/es\/wp-json\/wp\/v2\/product_brand?post=16795"},{"taxonomy":"product_cat","embeddable":true,"href":"https:\/\/kennedy-hygiene.com\/es\/wp-json\/wp\/v2\/product_cat?post=16795"},{"taxonomy":"product_tag","embeddable":true,"href":"https:\/\/kennedy-hygiene.com\/es\/wp-json\/wp\/v2\/product_tag?post=16795"}],"curies":[{"name":"wp","href":"https:\/\/api.w.org\/{rel}","templated":true}]}}