{"id":16787,"date":"2026-02-25T18:08:34","date_gmt":"2026-02-25T18:08:34","guid":{"rendered":"https:\/\/khg.squareone.digital\/?post_type=product&#038;p=16787"},"modified":"2026-03-16T10:06:39","modified_gmt":"2026-03-16T10:06:39","slug":"bioforce","status":"publish","type":"product","link":"https:\/\/kennedy-hygiene.com\/es\/producto\/bioforce\/","title":{"rendered":"Bioforce"},"content":{"rendered":"<p><strong>Bioforce \u2013 i vantaggi:<\/strong><\/p>\n<div>\n<ul>\n<li>Inibisce la crescita microbica e neutralizza i cattivi odori<\/li>\n<li>Efficace per un periodo di servizio di 8 settimane<\/li>\n<li>Facilit\u00e0 di manutenzione<\/li>\n<\/ul>\n<p><strong>Formato secco pulito e facile da usare<\/strong><\/p>\n<ul>\n<li>Azione a vapori \u2013 funziona anche quando l\u2019unit\u00e0 \u00e8 piena<\/li>\n<li>Non \u00e8 necessario aprire la bustina: basta inserirla nell\u2019unit\u00e0 \u2013 i vapori attivi vengono rilasciati attraverso il formato perforato<\/li>\n<\/ul>\n<p><strong>Sicurezza<\/strong><\/p>\n<ul>\n<li>Attivo contro Epatite B &amp; C e HIV<\/li>\n<li>Nessun rischio di sostanze chimiche pericolose o fuoriuscite<\/li>\n<\/ul>\n<\/div>\n","protected":false},"excerpt":{"rendered":"<p>Bioforce \u2013 i vantaggi: Inibisce la crescita microbica e neutralizza i cattivi odori Efficace per un periodo di servizio di 8 settimane Facilit\u00e0 di manutenzione Formato secco pulito e facile da usare Azione a vapori \u2013 funziona anche quando l\u2019unit\u00e0 \u00e8 piena Non \u00e8 necessario aprire la bustina: basta inserirla nell\u2019unit\u00e0 \u2013 i vapori attivi<a class=\"excerpt-read-more\" href=\"https:\/\/kennedy-hygiene.com\/es\/producto\/bioforce\/\" title=\"ReadBioforce\">&#8230; Read more &raquo;<\/a><\/p>\n","protected":false},"featured_media":2619,"comment_status":"closed","ping_status":"closed","template":"","meta":{"_acf_changed":false},"product_brand":[],"product_cat":[915,931,261],"product_tag":[],"class_list":{"0":"post-16787","1":"product","2":"type-product","3":"status-publish","4":"has-post-thumbnail","6":"product_cat-eliminacion-sanitaria-consumibles","7":"product_cat-consumibles","8":"product_cat-unidades-de-higiene-femenina","10":"first","11":"instock","12":"product-type-simple"},"acf":[],"_links":{"self":[{"href":"https:\/\/kennedy-hygiene.com\/es\/wp-json\/wp\/v2\/product\/16787","targetHints":{"allow":["GET"]}}],"collection":[{"href":"https:\/\/kennedy-hygiene.com\/es\/wp-json\/wp\/v2\/product"}],"about":[{"href":"https:\/\/kennedy-hygiene.com\/es\/wp-json\/wp\/v2\/types\/product"}],"replies":[{"embeddable":true,"href":"https:\/\/kennedy-hygiene.com\/es\/wp-json\/wp\/v2\/comments?post=16787"}],"wp:featuredmedia":[{"embeddable":true,"href":"https:\/\/kennedy-hygiene.com\/es\/wp-json\/wp\/v2\/media\/2619"}],"wp:attachment":[{"href":"https:\/\/kennedy-hygiene.com\/es\/wp-json\/wp\/v2\/media?parent=16787"}],"wp:term":[{"taxonomy":"product_brand","embeddable":true,"href":"https:\/\/kennedy-hygiene.com\/es\/wp-json\/wp\/v2\/product_brand?post=16787"},{"taxonomy":"product_cat","embeddable":true,"href":"https:\/\/kennedy-hygiene.com\/es\/wp-json\/wp\/v2\/product_cat?post=16787"},{"taxonomy":"product_tag","embeddable":true,"href":"https:\/\/kennedy-hygiene.com\/es\/wp-json\/wp\/v2\/product_tag?post=16787"}],"curies":[{"name":"wp","href":"https:\/\/api.w.org\/{rel}","templated":true}]}}