{"id":15147,"date":"2026-02-25T18:09:22","date_gmt":"2026-02-25T18:09:22","guid":{"rendered":"https:\/\/khg.squareone.digital\/product\/consumibles-para-nova\/"},"modified":"2026-02-25T18:28:11","modified_gmt":"2026-02-25T18:28:11","slug":"consumibles-para-nova","status":"publish","type":"product","link":"https:\/\/kennedy-hygiene.com\/es\/producto\/consumibles-para-nova\/","title":{"rendered":"Consumibles para Nova"},"content":{"rendered":"<p>El inserto de tapa protectora negro de Kennedy es compatible con todos los contenedores de basura sanitarios, de pedal y autom\u00e1ticos. <\/p>\n<p>Hay 500 insertos por caja.<\/p>\n<ul>\n<li>Para uso con la gama Nova<\/li>\n<li>Protege de la suciedad<\/li>\n<li>Facilita un mantenimiento r\u00e1pido e higi\u00e9nico<\/li>\n<\/ul>\n","protected":false},"excerpt":{"rendered":"<p>El inserto de tapa protectora negro de Kennedy es compatible con todos los contenedores de basura sanitarios, de pedal y autom\u00e1ticos. Hay 500 insertos por caja. Para uso con la gama Nova Protege de la suciedad Facilita un mantenimiento r\u00e1pido e higi\u00e9nico<\/p>\n","protected":false},"featured_media":2595,"comment_status":"closed","ping_status":"closed","template":"","meta":{"_acf_changed":false},"product_brand":[],"product_cat":[915,931,261],"product_tag":[],"class_list":{"0":"post-15147","1":"product","2":"type-product","3":"status-publish","4":"has-post-thumbnail","6":"product_cat-eliminacion-sanitaria-consumibles","7":"product_cat-consumibles","8":"product_cat-unidades-de-higiene-femenina","10":"first","11":"instock","12":"product-type-simple"},"acf":[],"_links":{"self":[{"href":"https:\/\/kennedy-hygiene.com\/es\/wp-json\/wp\/v2\/product\/15147","targetHints":{"allow":["GET"]}}],"collection":[{"href":"https:\/\/kennedy-hygiene.com\/es\/wp-json\/wp\/v2\/product"}],"about":[{"href":"https:\/\/kennedy-hygiene.com\/es\/wp-json\/wp\/v2\/types\/product"}],"replies":[{"embeddable":true,"href":"https:\/\/kennedy-hygiene.com\/es\/wp-json\/wp\/v2\/comments?post=15147"}],"wp:featuredmedia":[{"embeddable":true,"href":"https:\/\/kennedy-hygiene.com\/es\/wp-json\/wp\/v2\/media\/2595"}],"wp:attachment":[{"href":"https:\/\/kennedy-hygiene.com\/es\/wp-json\/wp\/v2\/media?parent=15147"}],"wp:term":[{"taxonomy":"product_brand","embeddable":true,"href":"https:\/\/kennedy-hygiene.com\/es\/wp-json\/wp\/v2\/product_brand?post=15147"},{"taxonomy":"product_cat","embeddable":true,"href":"https:\/\/kennedy-hygiene.com\/es\/wp-json\/wp\/v2\/product_cat?post=15147"},{"taxonomy":"product_tag","embeddable":true,"href":"https:\/\/kennedy-hygiene.com\/es\/wp-json\/wp\/v2\/product_tag?post=15147"}],"curies":[{"name":"wp","href":"https:\/\/api.w.org\/{rel}","templated":true}]}}