{"id":15141,"date":"2026-02-25T18:09:15","date_gmt":"2026-02-25T18:09:15","guid":{"rendered":"https:\/\/khg.squareone.digital\/product\/consumibles-para-savona-wopa\/"},"modified":"2026-02-25T18:28:05","modified_gmt":"2026-02-25T18:28:05","slug":"consumibles-para-savona-wopa","status":"publish","type":"product","link":"https:\/\/kennedy-hygiene.com\/es\/producto\/consumibles-para-savona-wopa\/","title":{"rendered":"Consumibles para Savona Wopa"},"content":{"rendered":"<ul>\n<li>Elimina aceites, grasas y suciedad de nivel ligero a moderado<\/li>\n<li>Adecuado para una gran cantidad de entornos<\/li>\n<li>Basado en ingredientes naturales &#8211; Las part\u00edculas exfoliantes de semilla de albaricoque garantizan gran eficacia sin irritaci\u00f3n<\/li>\n<li>Incluye agentes emolientes y suavizantes para la piel<\/li>\n<li>Para uso frecuente<\/li>\n<p>Cantidad m\u00ednima de pedido (MOQ): 6 unidades por paquete.\n<\/ul>\n","protected":false},"excerpt":{"rendered":"<p>Elimina aceites, grasas y suciedad de nivel ligero a moderado Adecuado para una gran cantidad de entornos Basado en ingredientes naturales &#8211; Las part\u00edculas exfoliantes de semilla de albaricoque garantizan gran eficacia sin irritaci\u00f3n Incluye agentes emolientes y suavizantes para la piel Para uso frecuente Cantidad m\u00ednima de pedido (MOQ): 6 unidades por paquete.<\/p>\n","protected":false},"featured_media":2767,"comment_status":"closed","ping_status":"closed","template":"","meta":{"_acf_changed":false},"product_brand":[],"product_cat":[909,931,289],"product_tag":[],"class_list":{"0":"post-15141","1":"product","2":"type-product","3":"status-publish","4":"has-post-thumbnail","6":"product_cat-lavado-de-manos-consumibles","7":"product_cat-consumibles","8":"product_cat-lavado-de-manos","10":"first","11":"instock","12":"product-type-simple"},"acf":[],"_links":{"self":[{"href":"https:\/\/kennedy-hygiene.com\/es\/wp-json\/wp\/v2\/product\/15141","targetHints":{"allow":["GET"]}}],"collection":[{"href":"https:\/\/kennedy-hygiene.com\/es\/wp-json\/wp\/v2\/product"}],"about":[{"href":"https:\/\/kennedy-hygiene.com\/es\/wp-json\/wp\/v2\/types\/product"}],"replies":[{"embeddable":true,"href":"https:\/\/kennedy-hygiene.com\/es\/wp-json\/wp\/v2\/comments?post=15141"}],"wp:featuredmedia":[{"embeddable":true,"href":"https:\/\/kennedy-hygiene.com\/es\/wp-json\/wp\/v2\/media\/2767"}],"wp:attachment":[{"href":"https:\/\/kennedy-hygiene.com\/es\/wp-json\/wp\/v2\/media?parent=15141"}],"wp:term":[{"taxonomy":"product_brand","embeddable":true,"href":"https:\/\/kennedy-hygiene.com\/es\/wp-json\/wp\/v2\/product_brand?post=15141"},{"taxonomy":"product_cat","embeddable":true,"href":"https:\/\/kennedy-hygiene.com\/es\/wp-json\/wp\/v2\/product_cat?post=15141"},{"taxonomy":"product_tag","embeddable":true,"href":"https:\/\/kennedy-hygiene.com\/es\/wp-json\/wp\/v2\/product_tag?post=15141"}],"curies":[{"name":"wp","href":"https:\/\/api.w.org\/{rel}","templated":true}]}}