{"id":15139,"date":"2026-02-25T18:09:13","date_gmt":"2026-02-25T18:09:13","guid":{"rendered":"https:\/\/khg.squareone.digital\/product\/consumibles-para-savona-foam-y-savona-auto-foam\/"},"modified":"2026-02-25T18:28:04","modified_gmt":"2026-02-25T18:28:04","slug":"consumibles-para-savona-foam-y-savona-auto-foam","status":"publish","type":"product","link":"https:\/\/kennedy-hygiene.com\/es\/producto\/consumibles-para-savona-foam-y-savona-auto-foam\/","title":{"rendered":"Consumibles para Savona Foam y Savona Auto Foam"},"content":{"rendered":"<ul>\n<li>Loci\u00f3n jabonosa espumosa ultra econ\u00f3mica<\/li>\n<li>Textura densa de lujo<\/li>\n<li>Para uso frecuente<\/li>\n<p>Cantidad m\u00ednima de pedido (MOQ): 8 unidades por paquete.\n<\/ul>\n","protected":false},"excerpt":{"rendered":"<p>Loci\u00f3n jabonosa espumosa ultra econ\u00f3mica Textura densa de lujo Para uso frecuente Cantidad m\u00ednima de pedido (MOQ): 8 unidades por paquete.<\/p>\n","protected":false},"featured_media":2755,"comment_status":"closed","ping_status":"closed","template":"","meta":{"_acf_changed":false},"product_brand":[],"product_cat":[909,931,289],"product_tag":[],"class_list":{"0":"post-15139","1":"product","2":"type-product","3":"status-publish","4":"has-post-thumbnail","6":"product_cat-lavado-de-manos-consumibles","7":"product_cat-consumibles","8":"product_cat-lavado-de-manos","10":"first","11":"instock","12":"product-type-simple"},"acf":[],"_links":{"self":[{"href":"https:\/\/kennedy-hygiene.com\/es\/wp-json\/wp\/v2\/product\/15139","targetHints":{"allow":["GET"]}}],"collection":[{"href":"https:\/\/kennedy-hygiene.com\/es\/wp-json\/wp\/v2\/product"}],"about":[{"href":"https:\/\/kennedy-hygiene.com\/es\/wp-json\/wp\/v2\/types\/product"}],"replies":[{"embeddable":true,"href":"https:\/\/kennedy-hygiene.com\/es\/wp-json\/wp\/v2\/comments?post=15139"}],"wp:featuredmedia":[{"embeddable":true,"href":"https:\/\/kennedy-hygiene.com\/es\/wp-json\/wp\/v2\/media\/2755"}],"wp:attachment":[{"href":"https:\/\/kennedy-hygiene.com\/es\/wp-json\/wp\/v2\/media?parent=15139"}],"wp:term":[{"taxonomy":"product_brand","embeddable":true,"href":"https:\/\/kennedy-hygiene.com\/es\/wp-json\/wp\/v2\/product_brand?post=15139"},{"taxonomy":"product_cat","embeddable":true,"href":"https:\/\/kennedy-hygiene.com\/es\/wp-json\/wp\/v2\/product_cat?post=15139"},{"taxonomy":"product_tag","embeddable":true,"href":"https:\/\/kennedy-hygiene.com\/es\/wp-json\/wp\/v2\/product_tag?post=15139"}],"curies":[{"name":"wp","href":"https:\/\/api.w.org\/{rel}","templated":true}]}}