{"id":15135,"date":"2026-02-25T18:09:08","date_gmt":"2026-02-25T18:09:08","guid":{"rendered":"https:\/\/khg.squareone.digital\/product\/consumibles-para-savona-y-savona-auto-2\/"},"modified":"2026-02-25T18:28:00","modified_gmt":"2026-02-25T18:28:00","slug":"consumibles-para-savona-y-savona-auto-2","status":"publish","type":"product","link":"https:\/\/kennedy-hygiene.com\/es\/producto\/consumibles-para-savona-y-savona-auto-2\/","title":{"rendered":"Consumibles para Savona y Savona Auto"},"content":{"rendered":"<ul>\n<li>Jab\u00f3n incoloro sin perfume<\/li>\n<li>Sus caracter\u00edsticas nutritivas evitan la deshidrataci\u00f3n de la piel con el uso frecuente<\/li>\n<li>Apto para zonas que requieren un alto nivel de higiene.<\/li>\n<p>Cantidad m\u00ednima de pedido (MOQ): 8 unidades por paquete.\n<\/ul>\n","protected":false},"excerpt":{"rendered":"<p>Jab\u00f3n incoloro sin perfume Sus caracter\u00edsticas nutritivas evitan la deshidrataci\u00f3n de la piel con el uso frecuente Apto para zonas que requieren un alto nivel de higiene. Cantidad m\u00ednima de pedido (MOQ): 8 unidades por paquete.<\/p>\n","protected":false},"featured_media":2731,"comment_status":"closed","ping_status":"closed","template":"","meta":{"_acf_changed":false},"product_brand":[],"product_cat":[909,931,289],"product_tag":[],"class_list":{"0":"post-15135","1":"product","2":"type-product","3":"status-publish","4":"has-post-thumbnail","6":"product_cat-lavado-de-manos-consumibles","7":"product_cat-consumibles","8":"product_cat-lavado-de-manos","10":"first","11":"instock","12":"product-type-simple"},"acf":[],"_links":{"self":[{"href":"https:\/\/kennedy-hygiene.com\/es\/wp-json\/wp\/v2\/product\/15135","targetHints":{"allow":["GET"]}}],"collection":[{"href":"https:\/\/kennedy-hygiene.com\/es\/wp-json\/wp\/v2\/product"}],"about":[{"href":"https:\/\/kennedy-hygiene.com\/es\/wp-json\/wp\/v2\/types\/product"}],"replies":[{"embeddable":true,"href":"https:\/\/kennedy-hygiene.com\/es\/wp-json\/wp\/v2\/comments?post=15135"}],"wp:featuredmedia":[{"embeddable":true,"href":"https:\/\/kennedy-hygiene.com\/es\/wp-json\/wp\/v2\/media\/2731"}],"wp:attachment":[{"href":"https:\/\/kennedy-hygiene.com\/es\/wp-json\/wp\/v2\/media?parent=15135"}],"wp:term":[{"taxonomy":"product_brand","embeddable":true,"href":"https:\/\/kennedy-hygiene.com\/es\/wp-json\/wp\/v2\/product_brand?post=15135"},{"taxonomy":"product_cat","embeddable":true,"href":"https:\/\/kennedy-hygiene.com\/es\/wp-json\/wp\/v2\/product_cat?post=15135"},{"taxonomy":"product_tag","embeddable":true,"href":"https:\/\/kennedy-hygiene.com\/es\/wp-json\/wp\/v2\/product_tag?post=15135"}],"curies":[{"name":"wp","href":"https:\/\/api.w.org\/{rel}","templated":true}]}}