{"id":15129,"date":"2026-02-25T18:08:58","date_gmt":"2026-02-25T18:08:58","guid":{"rendered":"https:\/\/khg.squareone.digital\/product\/consumibles-para-metro\/"},"modified":"2026-02-25T18:27:57","modified_gmt":"2026-02-25T18:27:57","slug":"consumibles-para-metro","status":"publish","type":"product","link":"https:\/\/kennedy-hygiene.com\/es\/producto\/consumibles-para-metro\/","title":{"rendered":"Consumibles para Metro"},"content":{"rendered":"<p>Toalla en rollo de algod\u00f3n blanco adecuada para Metro &#8211; el gabinete de la gama de secado de manos.<\/p>\n<p>Composici\u00f3n: Algod\u00f3n<br \/>\nDimensiones: largo: 20 m, ancho: 19 cm, peso: 900 g.<\/p>\n<p>Las ventajas del algod\u00f3n:<\/p>\n<ul>\n<li>Lo m\u00e1ximo en higiene<\/li>\n<li>Respetuoso con el medioambiente<\/li>\n<li>Confort para el usuario<\/li>\n<\/ul>\n","protected":false},"excerpt":{"rendered":"<p>Toalla en rollo de algod\u00f3n blanco adecuada para Metro &#8211; el gabinete de la gama de secado de manos. Composici\u00f3n: Algod\u00f3n Dimensiones: largo: 20 m, ancho: 19 cm, peso: 900 g. Las ventajas del algod\u00f3n: Lo m\u00e1ximo en higiene Respetuoso con el medioambiente Confort para el usuario<\/p>\n","protected":false},"featured_media":2695,"comment_status":"closed","ping_status":"closed","template":"","meta":{"_acf_changed":false},"product_brand":[],"product_cat":[903,931,229],"product_tag":[],"class_list":{"0":"post-15129","1":"product","2":"type-product","3":"status-publish","4":"has-post-thumbnail","6":"product_cat-secado-de-manos-consumibles","7":"product_cat-consumibles","8":"product_cat-secado-de-manos-es","10":"first","11":"instock","12":"product-type-simple"},"acf":[],"_links":{"self":[{"href":"https:\/\/kennedy-hygiene.com\/es\/wp-json\/wp\/v2\/product\/15129","targetHints":{"allow":["GET"]}}],"collection":[{"href":"https:\/\/kennedy-hygiene.com\/es\/wp-json\/wp\/v2\/product"}],"about":[{"href":"https:\/\/kennedy-hygiene.com\/es\/wp-json\/wp\/v2\/types\/product"}],"replies":[{"embeddable":true,"href":"https:\/\/kennedy-hygiene.com\/es\/wp-json\/wp\/v2\/comments?post=15129"}],"wp:featuredmedia":[{"embeddable":true,"href":"https:\/\/kennedy-hygiene.com\/es\/wp-json\/wp\/v2\/media\/2695"}],"wp:attachment":[{"href":"https:\/\/kennedy-hygiene.com\/es\/wp-json\/wp\/v2\/media?parent=15129"}],"wp:term":[{"taxonomy":"product_brand","embeddable":true,"href":"https:\/\/kennedy-hygiene.com\/es\/wp-json\/wp\/v2\/product_brand?post=15129"},{"taxonomy":"product_cat","embeddable":true,"href":"https:\/\/kennedy-hygiene.com\/es\/wp-json\/wp\/v2\/product_cat?post=15129"},{"taxonomy":"product_tag","embeddable":true,"href":"https:\/\/kennedy-hygiene.com\/es\/wp-json\/wp\/v2\/product_tag?post=15129"}],"curies":[{"name":"wp","href":"https:\/\/api.w.org\/{rel}","templated":true}]}}