{"id":15117,"date":"2026-02-25T18:08:44","date_gmt":"2026-02-25T18:08:44","guid":{"rendered":"https:\/\/khg.squareone.digital\/product\/bolsitas-germicidas-bioforce-plus\/"},"modified":"2026-02-25T18:27:48","modified_gmt":"2026-02-25T18:27:48","slug":"bolsitas-germicidas-bioforce-plus","status":"publish","type":"product","link":"https:\/\/kennedy-hygiene.com\/es\/producto\/bolsitas-germicidas-bioforce-plus\/","title":{"rendered":"Bolsitas germicidas Bioforce Plus"},"content":{"rendered":"<p><strong>Bioforce Plus \u2013 ventajas<\/strong><\/p>\n<ul>\n            Hay 200 bolsitas por caja.<\/p>\n<li>Inhibe la proliferaci\u00f3n de los microbios y elimina el mal olor<\/li>\n<li>Funciona durante un periodo de mantenimiento completo<\/li>\n<\/ul>\n<p><strong>Mantenimiento f\u00e1cil<\/strong><\/p>\n<ul>\n<li>Formato seco, limpio y f\u00e1cil de usar<br \/>\nAcci\u00f3n de vapor \u2013 act\u00faa incluso cuando la unidad est\u00e1 llena<\/li>\n<\/ul>\n<p><strong>Seguridad<\/strong><\/p>\n<ul>\n<li>Protege de la hepatitis B y C y del VIH<\/li>\n<li>Sin sustancias qu\u00edmicas peligrosas ni riesgos por vertidos<\/li>\n<\/ul>\n","protected":false},"excerpt":{"rendered":"<p>Bioforce Plus \u2013 ventajas Hay 200 bolsitas por caja. Inhibe la proliferaci\u00f3n de los microbios y elimina el mal olor Funciona durante un periodo de mantenimiento completo Mantenimiento f\u00e1cil Formato seco, limpio y f\u00e1cil de usar Acci\u00f3n de vapor \u2013 act\u00faa incluso cuando la unidad est\u00e1 llena Seguridad Protege de la hepatitis B y C<a class=\"excerpt-read-more\" href=\"https:\/\/kennedy-hygiene.com\/es\/producto\/bolsitas-germicidas-bioforce-plus\/\" title=\"ReadBolsitas germicidas Bioforce Plus\">&#8230; Read more &raquo;<\/a><\/p>\n","protected":false},"featured_media":2619,"comment_status":"closed","ping_status":"closed","template":"","meta":{"_acf_changed":false},"product_brand":[],"product_cat":[915,931],"product_tag":[],"class_list":{"0":"post-15117","1":"product","2":"type-product","3":"status-publish","4":"has-post-thumbnail","6":"product_cat-eliminacion-sanitaria-consumibles","7":"product_cat-consumibles","9":"first","10":"instock","11":"product-type-simple"},"acf":[],"_links":{"self":[{"href":"https:\/\/kennedy-hygiene.com\/es\/wp-json\/wp\/v2\/product\/15117","targetHints":{"allow":["GET"]}}],"collection":[{"href":"https:\/\/kennedy-hygiene.com\/es\/wp-json\/wp\/v2\/product"}],"about":[{"href":"https:\/\/kennedy-hygiene.com\/es\/wp-json\/wp\/v2\/types\/product"}],"replies":[{"embeddable":true,"href":"https:\/\/kennedy-hygiene.com\/es\/wp-json\/wp\/v2\/comments?post=15117"}],"wp:featuredmedia":[{"embeddable":true,"href":"https:\/\/kennedy-hygiene.com\/es\/wp-json\/wp\/v2\/media\/2619"}],"wp:attachment":[{"href":"https:\/\/kennedy-hygiene.com\/es\/wp-json\/wp\/v2\/media?parent=15117"}],"wp:term":[{"taxonomy":"product_brand","embeddable":true,"href":"https:\/\/kennedy-hygiene.com\/es\/wp-json\/wp\/v2\/product_brand?post=15117"},{"taxonomy":"product_cat","embeddable":true,"href":"https:\/\/kennedy-hygiene.com\/es\/wp-json\/wp\/v2\/product_cat?post=15117"},{"taxonomy":"product_tag","embeddable":true,"href":"https:\/\/kennedy-hygiene.com\/es\/wp-json\/wp\/v2\/product_tag?post=15117"}],"curies":[{"name":"wp","href":"https:\/\/api.w.org\/{rel}","templated":true}]}}