{"id":15099,"date":"2026-02-25T18:08:20","date_gmt":"2026-02-25T18:08:20","guid":{"rendered":"https:\/\/khg.squareone.digital\/product\/airplus-cartridge-2\/"},"modified":"2026-02-25T18:27:43","modified_gmt":"2026-02-25T18:27:43","slug":"airplus-cartridge-2","status":"publish","type":"product","link":"https:\/\/kennedy-hygiene.com\/es\/producto\/airplus-cartridge-2\/","title":{"rendered":"Airplus cartridge"},"content":{"rendered":"<p>Airplus es un ambientador pasivo, por lo que no necesita pilas ni energ\u00eda.<br \/>\nLas recargas duran hasta 60 d\u00edas y son aptas para ba\u00f1o peque\u00f1os.<br \/>\nEl material del cartucho es una botella de pl\u00e1stico que contiene aceite arom\u00e1tico, solvente y un agente absorbente. <\/p>\n<p>Instrucciones de almacenamiento:<br \/>\nAlmacenar por debajo de 40\u00b0C. Consulte la ficha t\u00e9cnica de seguridad para informarse sobre los productos qu\u00edmicos y las consideraciones de eliminaci\u00f3n. <\/p>\n<p>Embalaje:<br \/>\nCantidad m\u00ednima de pedido (MOQ): 12 cartuchos embalados en una caja de cart\u00f3n.<br \/>\nPeso: 1,10 kg (2,4 lb). Dimensiones: 220 x 170 x 130 mm (8,6 x 6,7 x 5,1 pulgadas). <\/p>\n<p>Hay cinco fragancias que van desde tonos frescos y refrescantes hasta notas frutales o florales.<\/p>\n","protected":false},"excerpt":{"rendered":"<p>Airplus es un ambientador pasivo, por lo que no necesita pilas ni energ\u00eda. Las recargas duran hasta 60 d\u00edas y son aptas para ba\u00f1o peque\u00f1os. El material del cartucho es una botella de pl\u00e1stico que contiene aceite arom\u00e1tico, solvente y un agente absorbente. Instrucciones de almacenamiento: Almacenar por debajo de 40\u00b0C. Consulte la ficha t\u00e9cnica<a class=\"excerpt-read-more\" href=\"https:\/\/kennedy-hygiene.com\/es\/producto\/airplus-cartridge-2\/\" title=\"ReadAirplus cartridge\">&#8230; Read more &raquo;<\/a><\/p>\n","protected":false},"featured_media":2559,"comment_status":"closed","ping_status":"closed","template":"","meta":{"_acf_changed":false},"product_brand":[],"product_cat":[891,931,217],"product_tag":[],"class_list":{"0":"post-15099","1":"product","2":"type-product","3":"status-publish","4":"has-post-thumbnail","6":"product_cat-ambientadores-consumibles","7":"product_cat-consumibles","8":"product_cat-ambientadores","9":"pa_scent-mint-zone","10":"pa_scent-peach-zing","11":"pa_scent-citrus-spring","12":"pa_scent-lilac-mist","13":"pa_scent-water-fresh","15":"first","16":"instock","17":"product-type-variable","18":"has-default-attributes"},"acf":[],"_links":{"self":[{"href":"https:\/\/kennedy-hygiene.com\/es\/wp-json\/wp\/v2\/product\/15099","targetHints":{"allow":["GET"]}}],"collection":[{"href":"https:\/\/kennedy-hygiene.com\/es\/wp-json\/wp\/v2\/product"}],"about":[{"href":"https:\/\/kennedy-hygiene.com\/es\/wp-json\/wp\/v2\/types\/product"}],"replies":[{"embeddable":true,"href":"https:\/\/kennedy-hygiene.com\/es\/wp-json\/wp\/v2\/comments?post=15099"}],"wp:featuredmedia":[{"embeddable":true,"href":"https:\/\/kennedy-hygiene.com\/es\/wp-json\/wp\/v2\/media\/2559"}],"wp:attachment":[{"href":"https:\/\/kennedy-hygiene.com\/es\/wp-json\/wp\/v2\/media?parent=15099"}],"wp:term":[{"taxonomy":"product_brand","embeddable":true,"href":"https:\/\/kennedy-hygiene.com\/es\/wp-json\/wp\/v2\/product_brand?post=15099"},{"taxonomy":"product_cat","embeddable":true,"href":"https:\/\/kennedy-hygiene.com\/es\/wp-json\/wp\/v2\/product_cat?post=15099"},{"taxonomy":"product_tag","embeddable":true,"href":"https:\/\/kennedy-hygiene.com\/es\/wp-json\/wp\/v2\/product_tag?post=15099"}],"curies":[{"name":"wp","href":"https:\/\/api.w.org\/{rel}","templated":true}]}}