{"id":15057,"date":"2026-02-25T18:07:31","date_gmt":"2026-02-25T18:07:31","guid":{"rendered":"https:\/\/khg.squareone.digital\/product\/bio-active-de-kennedy\/"},"modified":"2026-02-25T18:27:38","modified_gmt":"2026-02-25T18:27:38","slug":"bio-active-de-kennedy","status":"publish","type":"product","link":"https:\/\/kennedy-hygiene.com\/es\/producto\/bio-active-de-kennedy\/","title":{"rendered":"Bio-active\u2122 de Kennedy"},"content":{"rendered":"<ul>\n<li>F\u00f3rmula biodegradable respetuosa con el medioambiente basada en materiales naturales<\/li>\n<p>         Cantidad m\u00ednima de pedido (MOQ): 12 unidades por paquete.<\/p>\n<li>No es irritante, peligroso, corrosivo ni inflamable<\/li>\n<li>Espuma en orinales &#8211; evidencia clara de f\u00f3rmula higienizante<\/li>\n<li>Variante de mandarina para un aroma localizado m\u00e1s intenso<\/li>\n<\/ul>\n<p><strong>C\u00f3mo funciona el Bio-active\u2122?<\/strong><\/p>\n<p>Bio-activeTM combina 6 tecnolog\u00edas:<\/p>\n<p>1. Prevenci\u00f3n de la formaci\u00f3n de incrustaciones<br \/>\nUna sustancia biodegradable \u00abverde\u00bb impide la formaci\u00f3n de incrustaciones<\/p>\n<p>2. \u00c1cido \u00farico descompuesto<br \/>\nBacterias buenas descomponen el \u00e1cido \u00farico para evitar malos olores<\/p>\n<p>3. Proliferaci\u00f3n controlada de bacterias<br \/>\nLa proliferaci\u00f3n de bacterias nocivas en la superficie de los inodoros y orinales est\u00e1 controlada gracias a una \u00abeficaz exclusi\u00f3n\u00bb<\/p>\n<p>4. Fragancia<br \/>\nUna fragancia altamente eficaz emite un agradable aroma localizado<\/p>\n<p>5. Acci\u00f3n limpiadora<br \/>\nUn surfactante produce una acci\u00f3n limpiadora en la taza y otras superficies<\/p>\n<p>6. Espuma en la taza<br \/>\nUn segundo surfactante crea un efecto espumoso en la taza &#8211; clara evidencia de sustancia activa presente<\/p>\n","protected":false},"excerpt":{"rendered":"<p>F\u00f3rmula biodegradable respetuosa con el medioambiente basada en materiales naturales Cantidad m\u00ednima de pedido (MOQ): 12 unidades por paquete. No es irritante, peligroso, corrosivo ni inflamable Espuma en orinales &#8211; evidencia clara de f\u00f3rmula higienizante Variante de mandarina para un aroma localizado m\u00e1s intenso C\u00f3mo funciona el Bio-active\u2122? Bio-activeTM combina 6 tecnolog\u00edas: 1. Prevenci\u00f3n de<a class=\"excerpt-read-more\" href=\"https:\/\/kennedy-hygiene.com\/es\/producto\/bio-active-de-kennedy\/\" title=\"ReadBio-active\u2122 de Kennedy\">&#8230; Read more &raquo;<\/a><\/p>\n","protected":false},"featured_media":2935,"comment_status":"closed","ping_status":"closed","template":"","meta":{"_acf_changed":false},"product_brand":[],"product_cat":[931,927,207],"product_tag":[],"class_list":{"0":"post-15057","1":"product","2":"type-product","3":"status-publish","4":"has-post-thumbnail","6":"product_cat-consumibles","7":"product_cat-desinfectantes-consumibles","8":"product_cat-desinfectantes","9":"pa_scent-bio-active-classic","10":"pa_scent-bio-active-mandarin","12":"first","13":"instock","14":"product-type-variable","15":"has-default-attributes"},"acf":[],"_links":{"self":[{"href":"https:\/\/kennedy-hygiene.com\/es\/wp-json\/wp\/v2\/product\/15057","targetHints":{"allow":["GET"]}}],"collection":[{"href":"https:\/\/kennedy-hygiene.com\/es\/wp-json\/wp\/v2\/product"}],"about":[{"href":"https:\/\/kennedy-hygiene.com\/es\/wp-json\/wp\/v2\/types\/product"}],"replies":[{"embeddable":true,"href":"https:\/\/kennedy-hygiene.com\/es\/wp-json\/wp\/v2\/comments?post=15057"}],"wp:featuredmedia":[{"embeddable":true,"href":"https:\/\/kennedy-hygiene.com\/es\/wp-json\/wp\/v2\/media\/2935"}],"wp:attachment":[{"href":"https:\/\/kennedy-hygiene.com\/es\/wp-json\/wp\/v2\/media?parent=15057"}],"wp:term":[{"taxonomy":"product_brand","embeddable":true,"href":"https:\/\/kennedy-hygiene.com\/es\/wp-json\/wp\/v2\/product_brand?post=15057"},{"taxonomy":"product_cat","embeddable":true,"href":"https:\/\/kennedy-hygiene.com\/es\/wp-json\/wp\/v2\/product_cat?post=15057"},{"taxonomy":"product_tag","embeddable":true,"href":"https:\/\/kennedy-hygiene.com\/es\/wp-json\/wp\/v2\/product_tag?post=15057"}],"curies":[{"name":"wp","href":"https:\/\/api.w.org\/{rel}","templated":true}]}}