{"id":13489,"date":"2025-08-26T21:31:38","date_gmt":"2025-08-26T21:31:38","guid":{"rendered":"https:\/\/khg.squareone.digital\/product\/slim-air\/"},"modified":"2025-08-30T18:20:54","modified_gmt":"2025-08-30T18:20:54","slug":"slim-air","status":"publish","type":"product","link":"https:\/\/kennedy-hygiene.com\/es\/producto\/slim-air\/","title":{"rendered":"Slim Air"},"content":{"rendered":"<p class=\"tm6\"><span class=\"tm7\">Slim Air es un sistema pasivo de aromatizaci\u00f3n del aire\u00a0<span class=\"tm5\">que incorpora una<\/span>\u00a0tecnolog\u00eda innovadora. Proporciona una experiencia placentera constante durante 60 d\u00edas.<\/span><\/p>\n<p class=\"tm6\"><span class=\"tm7\">Slim Air, que funciona sin pilas y est\u00e1 fabricado con 89\u00a0% de pl\u00e1stico reciclado, es la opci\u00f3n perfecta para las empresas que desean reducir la huella de carbono.<\/span><\/p>\n<p class=\"tm6\"><span class=\"tm7\">Slim Air es f\u00e1cil de instalar y de mantener y ocupa un espacio m\u00ednimo gracias a su dise\u00f1o estrecho y compacto patentado. Es apto para aseos de entornos comerciales y otros lugares no dom\u00e9sticos.<\/span><\/p>\n","protected":false},"excerpt":{"rendered":"<p>Slim Air es un sistema pasivo de aromatizaci\u00f3n del aire\u00a0que incorpora una\u00a0tecnolog\u00eda innovadora. Proporciona una experiencia placentera constante durante 60 d\u00edas. Slim Air, que funciona sin pilas y est\u00e1 fabricado con 89\u00a0% de pl\u00e1stico reciclado, es la opci\u00f3n perfecta para las empresas que desean reducir la huella de carbono. Slim Air es f\u00e1cil de instalar<a class=\"excerpt-read-more\" href=\"https:\/\/kennedy-hygiene.com\/es\/producto\/slim-air\/\" title=\"ReadSlim Air\">&#8230; Read more &raquo;<\/a><\/p>\n","protected":false},"featured_media":0,"comment_status":"closed","ping_status":"closed","template":"","meta":{"_acf_changed":false},"product_brand":[],"product_cat":[223,217],"product_tag":[],"class_list":{"0":"post-13489","1":"product","2":"type-product","3":"status-publish","5":"product_cat-ambientadores-sin-aerosol","6":"product_cat-ambientadores","7":"pa_finish-white-es","9":"first","10":"instock","11":"shipping-taxable","12":"product-type-variable","13":"has-default-attributes"},"acf":[],"_links":{"self":[{"href":"https:\/\/kennedy-hygiene.com\/es\/wp-json\/wp\/v2\/product\/13489","targetHints":{"allow":["GET"]}}],"collection":[{"href":"https:\/\/kennedy-hygiene.com\/es\/wp-json\/wp\/v2\/product"}],"about":[{"href":"https:\/\/kennedy-hygiene.com\/es\/wp-json\/wp\/v2\/types\/product"}],"replies":[{"embeddable":true,"href":"https:\/\/kennedy-hygiene.com\/es\/wp-json\/wp\/v2\/comments?post=13489"}],"wp:attachment":[{"href":"https:\/\/kennedy-hygiene.com\/es\/wp-json\/wp\/v2\/media?parent=13489"}],"wp:term":[{"taxonomy":"product_brand","embeddable":true,"href":"https:\/\/kennedy-hygiene.com\/es\/wp-json\/wp\/v2\/product_brand?post=13489"},{"taxonomy":"product_cat","embeddable":true,"href":"https:\/\/kennedy-hygiene.com\/es\/wp-json\/wp\/v2\/product_cat?post=13489"},{"taxonomy":"product_tag","embeddable":true,"href":"https:\/\/kennedy-hygiene.com\/es\/wp-json\/wp\/v2\/product_tag?post=13489"}],"curies":[{"name":"wp","href":"https:\/\/api.w.org\/{rel}","templated":true}]}}