{"id":13177,"date":"2025-07-21T17:11:25","date_gmt":"2025-07-21T17:11:25","guid":{"rendered":"https:\/\/khg.squareone.digital\/product\/recycled-grey-intima-2\/"},"modified":"2025-07-21T17:16:00","modified_gmt":"2025-07-21T17:16:00","slug":"recycled-grey-intima-2","status":"publish","type":"product","link":"https:\/\/kennedy-hygiene.com\/es\/producto\/recycled-grey-intima-2\/","title":{"rendered":"Recycled Grey Intima"},"content":{"rendered":"<p>Intima es una unidad de higiene femenina con un dise\u00f1o atractivo, robusto y pr\u00e1ctico. Disponible con una capacidad de 23 litros, cuenta con un dise\u00f1o moderno que ocupa una superficie m\u00ednima. Puede usarse para el servicio de sustituci\u00f3n de bolsas.<\/p>\n<p>El modelo Intima ofrece unas excelentes cualidades en cuanto a funcionalidad, calidad e inteligencia, orientadas al servicio y que proporcionan una higiene m\u00e1xima, a la vez que hacen que sea una experiencia agradable para el usuario.<\/p>\n<p>Como su nombre sugiere, el modelo Recycled Grey Intima est\u00e1 hecho a partir de pl\u00e1stico ABS reciclado. El tono gris\u00e1ceo y la homogeneidad pueden variar de un modelo a otro, y no pueden garantizarse.<\/p>\n","protected":false},"excerpt":{"rendered":"<p>Unidad de higiene femenina ecol\u00f3gica y econ\u00f3mica<\/p>\n","protected":false},"featured_media":0,"comment_status":"closed","ping_status":"closed","template":"","meta":{"_acf_changed":false},"product_brand":[],"product_cat":[267,261],"product_tag":[],"class_list":{"0":"post-13177","1":"product","2":"type-product","3":"status-publish","5":"product_cat-papeleras-de-productos-sanitarios","6":"product_cat-unidades-de-higiene-femenina","7":"pa_finish-grey-4","9":"first","10":"instock","11":"product-type-variable","12":"has-default-attributes"},"acf":[],"_links":{"self":[{"href":"https:\/\/kennedy-hygiene.com\/es\/wp-json\/wp\/v2\/product\/13177","targetHints":{"allow":["GET"]}}],"collection":[{"href":"https:\/\/kennedy-hygiene.com\/es\/wp-json\/wp\/v2\/product"}],"about":[{"href":"https:\/\/kennedy-hygiene.com\/es\/wp-json\/wp\/v2\/types\/product"}],"replies":[{"embeddable":true,"href":"https:\/\/kennedy-hygiene.com\/es\/wp-json\/wp\/v2\/comments?post=13177"}],"wp:attachment":[{"href":"https:\/\/kennedy-hygiene.com\/es\/wp-json\/wp\/v2\/media?parent=13177"}],"wp:term":[{"taxonomy":"product_brand","embeddable":true,"href":"https:\/\/kennedy-hygiene.com\/es\/wp-json\/wp\/v2\/product_brand?post=13177"},{"taxonomy":"product_cat","embeddable":true,"href":"https:\/\/kennedy-hygiene.com\/es\/wp-json\/wp\/v2\/product_cat?post=13177"},{"taxonomy":"product_tag","embeddable":true,"href":"https:\/\/kennedy-hygiene.com\/es\/wp-json\/wp\/v2\/product_tag?post=13177"}],"curies":[{"name":"wp","href":"https:\/\/api.w.org\/{rel}","templated":true}]}}