{"id":13173,"date":"2025-07-21T17:10:58","date_gmt":"2025-07-21T17:10:58","guid":{"rendered":"https:\/\/khg.squareone.digital\/product\/sigma-sin-nucleo\/"},"modified":"2025-07-21T17:15:56","modified_gmt":"2025-07-21T17:15:56","slug":"sigma-sin-nucleo","status":"publish","type":"product","link":"https:\/\/kennedy-hygiene.com\/es\/producto\/sigma-sin-nucleo\/","title":{"rendered":"Sigma  sin n\u00facleo"},"content":{"rendered":"<p>Sigma  Coreless es un dosificador de papel higi\u00e9nico de doble rollo que proporciona gran cantidad de papel en una unidad compacta y garantiza un suministro continuo.<\/p>\n<p>Ideal para entornos de tr\u00e1fico medio, y aloja cualquier\u00a0rollos de papel higi\u00e9nico sin n\u00facleo con un di\u00e1metro exterior de hasta 140 mm y 115 mm de profundidad.<\/p>\n<p>La unidad presenta caracter\u00edsticas inteligentes para el mantenimiento, como una protecci\u00f3n especial que autom\u00e1ticamente evita el acceso al rollo nuevo mientras no se agote el rollo en uso, reduciendo por tanto el consumo de papel.<\/p>\n","protected":false},"excerpt":{"rendered":"<p>Dosificador de doble rollo para rollos de papel higi\u00e9nico sin n\u00facleo<\/p>\n","protected":false},"featured_media":0,"comment_status":"closed","ping_status":"closed","template":"","meta":{"_acf_changed":false},"product_brand":[],"product_cat":[325,273],"product_tag":[],"class_list":{"0":"post-13173","1":"product","2":"type-product","3":"status-publish","5":"product_cat-dispensador-doble-rollo","6":"product_cat-papel-higienico","7":"pa_finish-silver-es","8":"pa_finish-white-es","10":"first","11":"instock","12":"product-type-variable","13":"has-default-attributes"},"acf":[],"_links":{"self":[{"href":"https:\/\/kennedy-hygiene.com\/es\/wp-json\/wp\/v2\/product\/13173","targetHints":{"allow":["GET"]}}],"collection":[{"href":"https:\/\/kennedy-hygiene.com\/es\/wp-json\/wp\/v2\/product"}],"about":[{"href":"https:\/\/kennedy-hygiene.com\/es\/wp-json\/wp\/v2\/types\/product"}],"replies":[{"embeddable":true,"href":"https:\/\/kennedy-hygiene.com\/es\/wp-json\/wp\/v2\/comments?post=13173"}],"wp:attachment":[{"href":"https:\/\/kennedy-hygiene.com\/es\/wp-json\/wp\/v2\/media?parent=13173"}],"wp:term":[{"taxonomy":"product_brand","embeddable":true,"href":"https:\/\/kennedy-hygiene.com\/es\/wp-json\/wp\/v2\/product_brand?post=13173"},{"taxonomy":"product_cat","embeddable":true,"href":"https:\/\/kennedy-hygiene.com\/es\/wp-json\/wp\/v2\/product_cat?post=13173"},{"taxonomy":"product_tag","embeddable":true,"href":"https:\/\/kennedy-hygiene.com\/es\/wp-json\/wp\/v2\/product_tag?post=13173"}],"curies":[{"name":"wp","href":"https:\/\/api.w.org\/{rel}","templated":true}]}}