{"id":13161,"date":"2025-07-21T17:10:45","date_gmt":"2025-07-21T17:10:45","guid":{"rendered":"https:\/\/khg.squareone.digital\/product\/savona-max-2\/"},"modified":"2025-07-21T17:15:48","modified_gmt":"2025-07-21T17:15:48","slug":"savona-max-2","status":"publish","type":"product","link":"https:\/\/kennedy-hygiene.com\/es\/producto\/savona-max-2\/","title":{"rendered":"Savona Max"},"content":{"rendered":"<p>Savona Max es un dispensador de jab\u00f3n con un dep\u00f3sito cuya capacidad es de las mayores del mercado. El dep\u00f3sito de reserva integrado de 200 ml est\u00e1 dise\u00f1ado para evitar el derroche y garantizar al usuario final la permanente disponibilidad del jab\u00f3n.<\/p>\n<p>Dise\u00f1ado para entornos con gran movimiento de gente, este dispensador tiene un gran cartucho de 800 ml e incorpora una serie de funciones de f\u00e1cil servicio.<\/p>\n","protected":false},"excerpt":{"rendered":"<p>Dispensador de jab\u00f3n en espuma con dep\u00f3sito<\/p>\n","protected":false},"featured_media":0,"comment_status":"closed","ping_status":"closed","template":"","meta":{"_acf_changed":false},"product_brand":[],"product_cat":[303,289],"product_tag":[],"class_list":{"0":"post-13161","1":"product","2":"type-product","3":"status-publish","5":"product_cat-dosificadores-de-jabon-de-espuma","6":"product_cat-lavado-de-manos","7":"pa_finish-white-es","9":"first","10":"instock","11":"product-type-variable","12":"has-default-attributes"},"acf":[],"_links":{"self":[{"href":"https:\/\/kennedy-hygiene.com\/es\/wp-json\/wp\/v2\/product\/13161","targetHints":{"allow":["GET"]}}],"collection":[{"href":"https:\/\/kennedy-hygiene.com\/es\/wp-json\/wp\/v2\/product"}],"about":[{"href":"https:\/\/kennedy-hygiene.com\/es\/wp-json\/wp\/v2\/types\/product"}],"replies":[{"embeddable":true,"href":"https:\/\/kennedy-hygiene.com\/es\/wp-json\/wp\/v2\/comments?post=13161"}],"wp:attachment":[{"href":"https:\/\/kennedy-hygiene.com\/es\/wp-json\/wp\/v2\/media?parent=13161"}],"wp:term":[{"taxonomy":"product_brand","embeddable":true,"href":"https:\/\/kennedy-hygiene.com\/es\/wp-json\/wp\/v2\/product_brand?post=13161"},{"taxonomy":"product_cat","embeddable":true,"href":"https:\/\/kennedy-hygiene.com\/es\/wp-json\/wp\/v2\/product_cat?post=13161"},{"taxonomy":"product_tag","embeddable":true,"href":"https:\/\/kennedy-hygiene.com\/es\/wp-json\/wp\/v2\/product_tag?post=13161"}],"curies":[{"name":"wp","href":"https:\/\/api.w.org\/{rel}","templated":true}]}}