{"id":13153,"date":"2025-07-21T17:10:32","date_gmt":"2025-07-21T17:10:32","guid":{"rendered":"https:\/\/khg.squareone.digital\/product\/pod-mk3-2\/"},"modified":"2025-07-21T17:15:41","modified_gmt":"2025-07-21T17:15:41","slug":"pod-mk3-2","status":"publish","type":"product","link":"https:\/\/kennedy-hygiene.com\/es\/producto\/pod-mk3-2\/","title":{"rendered":"Pod MK3"},"content":{"rendered":"<p>Pod es la nueva generaci\u00f3n de dispensadores de papel con auto corte, con una de las mayores capacidades de almacenamiento de papel del mercado. Gracias a su sistema de carga de rollos de papel de reserva patentado, puede cargar un nuevo rollo antes de que el anterior se haya utilizado completamente, lo que garantiza que no se desperdicie papel. Esta funci\u00f3n de dep\u00f3sito de reserva permite ahorrar hasta un 14% del consumo de papel*.<\/p>\n<p>Este compacto dispensador de toallas de papel con dep\u00f3sito ha sido dise\u00f1ado para adaptarse a diferentes longitudes de papel de 1 o 2 capas. Gracias a su moderno dise\u00f1o, el Pod es una elecci\u00f3n excelente si desea secarse las manos de forma eficiente y con estilo.<\/p>\n<p>*Dependiendo de las especificaciones del papel<\/p>\n","protected":false},"excerpt":{"rendered":"<p>Dispensador de rollos de papel de auto corte con dep\u00f3sito<\/p>\n","protected":false},"featured_media":0,"comment_status":"closed","ping_status":"closed","template":"","meta":{"_acf_changed":false},"product_brand":[],"product_cat":[235,229],"product_tag":[],"class_list":{"0":"post-13153","1":"product","2":"type-product","3":"status-publish","5":"product_cat-dispensadores-de-toallitas","6":"product_cat-secado-de-manos-es","7":"pa_finish-chrome-es","8":"pa_finish-obsidian-es","9":"pa_finish-satin-es","10":"pa_finish-silver-es","11":"pa_finish-white-es","13":"first","14":"instock","15":"product-type-variable","16":"has-default-attributes"},"acf":[],"_links":{"self":[{"href":"https:\/\/kennedy-hygiene.com\/es\/wp-json\/wp\/v2\/product\/13153","targetHints":{"allow":["GET"]}}],"collection":[{"href":"https:\/\/kennedy-hygiene.com\/es\/wp-json\/wp\/v2\/product"}],"about":[{"href":"https:\/\/kennedy-hygiene.com\/es\/wp-json\/wp\/v2\/types\/product"}],"replies":[{"embeddable":true,"href":"https:\/\/kennedy-hygiene.com\/es\/wp-json\/wp\/v2\/comments?post=13153"}],"wp:attachment":[{"href":"https:\/\/kennedy-hygiene.com\/es\/wp-json\/wp\/v2\/media?parent=13153"}],"wp:term":[{"taxonomy":"product_brand","embeddable":true,"href":"https:\/\/kennedy-hygiene.com\/es\/wp-json\/wp\/v2\/product_brand?post=13153"},{"taxonomy":"product_cat","embeddable":true,"href":"https:\/\/kennedy-hygiene.com\/es\/wp-json\/wp\/v2\/product_cat?post=13153"},{"taxonomy":"product_tag","embeddable":true,"href":"https:\/\/kennedy-hygiene.com\/es\/wp-json\/wp\/v2\/product_tag?post=13153"}],"curies":[{"name":"wp","href":"https:\/\/api.w.org\/{rel}","templated":true}]}}