{"id":13145,"date":"2025-07-21T17:10:00","date_gmt":"2025-07-21T17:10:00","guid":{"rendered":"https:\/\/khg.squareone.digital\/product\/nova-auto-2\/"},"modified":"2025-07-21T17:15:35","modified_gmt":"2025-07-21T17:15:35","slug":"nova-auto-2","status":"publish","type":"product","link":"https:\/\/kennedy-hygiene.com\/es\/producto\/nova-auto-2\/","title":{"rendered":"Nova Auto"},"content":{"rendered":"<p>Nova Auto forma parte de la nueva generaci\u00f3n de la gama de papeleras autom\u00e1ticas de higiene femenina de Kennedy.<\/p>\n<p>Siguiendo los pasos de las papeleras Intima, esta unidad, mejorada y destacada en el mercado, tiene una capacidad de 22 litros y un dise\u00f1o moderno y compacto con el que aprovechar la superficie del suelo de la mejor manera.<\/p>\n<p>Es f\u00e1cil de usar, s\u00f3lida y se puede utilizar en servicios de sustituci\u00f3n de bolsas de basura. Nova Auto engloba una funcionalidad excepcional, calidad y unas caracter\u00edsticas \u00fanicas, ideales para el mantenimiento.<\/p>\n","protected":false},"excerpt":{"rendered":"<p>La soluci\u00f3n perfecta para la m\u00e1xima higiene<\/p>\n","protected":false},"featured_media":0,"comment_status":"closed","ping_status":"closed","template":"","meta":{"_acf_changed":false},"product_brand":[],"product_cat":[267,261],"product_tag":[],"class_list":{"0":"post-13145","1":"product","2":"type-product","3":"status-publish","5":"product_cat-papeleras-de-productos-sanitarios","6":"product_cat-unidades-de-higiene-femenina","7":"pa_finish-chrome-es","8":"pa_finish-silver-es","9":"pa_finish-white-es","11":"first","12":"instock","13":"product-type-variable","14":"has-default-attributes"},"acf":[],"_links":{"self":[{"href":"https:\/\/kennedy-hygiene.com\/es\/wp-json\/wp\/v2\/product\/13145","targetHints":{"allow":["GET"]}}],"collection":[{"href":"https:\/\/kennedy-hygiene.com\/es\/wp-json\/wp\/v2\/product"}],"about":[{"href":"https:\/\/kennedy-hygiene.com\/es\/wp-json\/wp\/v2\/types\/product"}],"replies":[{"embeddable":true,"href":"https:\/\/kennedy-hygiene.com\/es\/wp-json\/wp\/v2\/comments?post=13145"}],"wp:attachment":[{"href":"https:\/\/kennedy-hygiene.com\/es\/wp-json\/wp\/v2\/media?parent=13145"}],"wp:term":[{"taxonomy":"product_brand","embeddable":true,"href":"https:\/\/kennedy-hygiene.com\/es\/wp-json\/wp\/v2\/product_brand?post=13145"},{"taxonomy":"product_cat","embeddable":true,"href":"https:\/\/kennedy-hygiene.com\/es\/wp-json\/wp\/v2\/product_cat?post=13145"},{"taxonomy":"product_tag","embeddable":true,"href":"https:\/\/kennedy-hygiene.com\/es\/wp-json\/wp\/v2\/product_tag?post=13145"}],"curies":[{"name":"wp","href":"https:\/\/api.w.org\/{rel}","templated":true}]}}