{"id":12985,"date":"2025-07-21T16:34:00","date_gmt":"2025-07-21T16:34:00","guid":{"rendered":"https:\/\/khg.squareone.digital\/product\/auto-pod-2\/"},"modified":"2025-07-21T16:39:55","modified_gmt":"2025-07-21T16:39:55","slug":"auto-pod-2","status":"publish","type":"product","link":"https:\/\/kennedy-hygiene.com\/es\/producto\/auto-pod-2\/","title":{"rendered":"Auto Pod"},"content":{"rendered":"<p>El Auto Pod es un dispensador sin contacto de rollos de papel en reserva con una de las mayores capacidades del mercado. Gracias al sistema patentado de carga de rollos de papel en reserva que lleva, es posible cargar un rollo nuevo antes de que se acabe el anterior, de modo que no se gaste papel innecesariamente.<\/p>\n<p>Con su moderno dise\u00f1o, el Auto Pod es una opci\u00f3n excelente para secarse las manos de forma eficiente y sofisticada que aporta al usuario final la m\u00e1xima higiene.<\/p>\n","protected":false},"excerpt":{"rendered":"<p>Dispensador autom\u00e1tico de rollos de papel en reserva<\/p>\n","protected":false},"featured_media":0,"comment_status":"closed","ping_status":"closed","template":"","meta":{"_acf_changed":false},"product_brand":[],"product_cat":[235,229],"product_tag":[],"class_list":{"0":"post-12985","1":"product","2":"type-product","3":"status-publish","5":"product_cat-dispensadores-de-toallitas","6":"product_cat-secado-de-manos-es","7":"pa_finish-chrome-es","8":"pa_finish-satin-es","9":"pa_finish-silver-es","10":"pa_finish-white-es","12":"first","13":"instock","14":"product-type-variable","15":"has-default-attributes"},"acf":[],"_links":{"self":[{"href":"https:\/\/kennedy-hygiene.com\/es\/wp-json\/wp\/v2\/product\/12985","targetHints":{"allow":["GET"]}}],"collection":[{"href":"https:\/\/kennedy-hygiene.com\/es\/wp-json\/wp\/v2\/product"}],"about":[{"href":"https:\/\/kennedy-hygiene.com\/es\/wp-json\/wp\/v2\/types\/product"}],"replies":[{"embeddable":true,"href":"https:\/\/kennedy-hygiene.com\/es\/wp-json\/wp\/v2\/comments?post=12985"}],"wp:attachment":[{"href":"https:\/\/kennedy-hygiene.com\/es\/wp-json\/wp\/v2\/media?parent=12985"}],"wp:term":[{"taxonomy":"product_brand","embeddable":true,"href":"https:\/\/kennedy-hygiene.com\/es\/wp-json\/wp\/v2\/product_brand?post=12985"},{"taxonomy":"product_cat","embeddable":true,"href":"https:\/\/kennedy-hygiene.com\/es\/wp-json\/wp\/v2\/product_cat?post=12985"},{"taxonomy":"product_tag","embeddable":true,"href":"https:\/\/kennedy-hygiene.com\/es\/wp-json\/wp\/v2\/product_tag?post=12985"}],"curies":[{"name":"wp","href":"https:\/\/api.w.org\/{rel}","templated":true}]}}