{"id":12979,"date":"2025-07-21T16:33:50","date_gmt":"2025-07-21T16:33:50","guid":{"rendered":"https:\/\/khg.squareone.digital\/product\/punto-de-desinfeccion-de-manos\/"},"modified":"2025-07-21T16:39:49","modified_gmt":"2025-07-21T16:39:49","slug":"punto-de-desinfeccion-de-manos","status":"publish","type":"product","link":"https:\/\/kennedy-hygiene.com\/es\/producto\/punto-de-desinfeccion-de-manos\/","title":{"rendered":"Punto de desinfecci\u00f3n de manos"},"content":{"rendered":"<p>El punto de desinfecci\u00f3n de Kennedy* est\u00e1 dise\u00f1ado para usarse con el dispensador de desinfectante de manos sin contacto Savona Auto.<\/p>\n<p>Este pr\u00e1ctico puesto para desinfectante de manos de suministro autom\u00e1tico es id\u00f3neo para zonas de recepci\u00f3n de personas y otros lugares muy transitados, como hospitales y supermercados.<\/p>\n<p>El gel hidroalcoh\u00f3lico que contiene cumple la norma EN1500 sobre sustancias antimicrobianas.<\/p>\n<p>&nbsp;<\/p>\n<p>* Dispensador no incluido.<\/p>\n","protected":false},"excerpt":{"rendered":"<p>Punto para dispensadores autom\u00e1ticos<\/p>\n","protected":false},"featured_media":0,"comment_status":"closed","ping_status":"closed","template":"","meta":{"_acf_changed":false},"product_brand":[],"product_cat":[289],"product_tag":[],"class_list":{"0":"post-12979","1":"product","2":"type-product","3":"status-publish","5":"product_cat-lavado-de-manos","6":"pa_finish-white-es","8":"first","9":"instock","10":"product-type-variable","11":"has-default-attributes"},"acf":[],"_links":{"self":[{"href":"https:\/\/kennedy-hygiene.com\/es\/wp-json\/wp\/v2\/product\/12979","targetHints":{"allow":["GET"]}}],"collection":[{"href":"https:\/\/kennedy-hygiene.com\/es\/wp-json\/wp\/v2\/product"}],"about":[{"href":"https:\/\/kennedy-hygiene.com\/es\/wp-json\/wp\/v2\/types\/product"}],"replies":[{"embeddable":true,"href":"https:\/\/kennedy-hygiene.com\/es\/wp-json\/wp\/v2\/comments?post=12979"}],"wp:attachment":[{"href":"https:\/\/kennedy-hygiene.com\/es\/wp-json\/wp\/v2\/media?parent=12979"}],"wp:term":[{"taxonomy":"product_brand","embeddable":true,"href":"https:\/\/kennedy-hygiene.com\/es\/wp-json\/wp\/v2\/product_brand?post=12979"},{"taxonomy":"product_cat","embeddable":true,"href":"https:\/\/kennedy-hygiene.com\/es\/wp-json\/wp\/v2\/product_cat?post=12979"},{"taxonomy":"product_tag","embeddable":true,"href":"https:\/\/kennedy-hygiene.com\/es\/wp-json\/wp\/v2\/product_tag?post=12979"}],"curies":[{"name":"wp","href":"https:\/\/api.w.org\/{rel}","templated":true}]}}