{"id":12969,"date":"2025-07-21T16:33:39","date_gmt":"2025-07-21T16:33:39","guid":{"rendered":"https:\/\/khg.squareone.digital\/product\/nova-2\/"},"modified":"2025-07-21T16:39:45","modified_gmt":"2025-07-21T16:39:45","slug":"nova-2","status":"publish","type":"product","link":"https:\/\/kennedy-hygiene.com\/es\/producto\/nova-2\/","title":{"rendered":"Nova"},"content":{"rendered":"<p>Nova es la unidad de higiene femenina de nueva generaci\u00f3n de Kennedy. Siguiendo los pasos de la gama de productos Intima, esta unidad mejorada, destacada en el mercado, tiene una capacidad de 22 litros.<\/p>\n<p>Es f\u00e1cil de usar, s\u00f3lida y se puede utilizar en servicios de sustituci\u00f3n de bolsas de basura. Nova engloba una funcionalidad excepcional, calidad y unas caracter\u00edsticas \u00fanicas, ideales para el mantenimiento.<\/p>\n","protected":false},"excerpt":{"rendered":"<p>Producto elegante de higiene femenina con \u00f3ptima funcionalidad<\/p>\n","protected":false},"featured_media":0,"comment_status":"closed","ping_status":"closed","template":"","meta":{"_acf_changed":false},"product_brand":[],"product_cat":[267,261],"product_tag":[],"class_list":{"0":"post-12969","1":"product","2":"type-product","3":"status-publish","5":"product_cat-papeleras-de-productos-sanitarios","6":"product_cat-unidades-de-higiene-femenina","7":"pa_finish-white-es","8":"pa_finish-chrome-es","9":"pa_finish-obsidian-es","10":"pa_finish-silver-es","12":"first","13":"instock","14":"product-type-variable","15":"has-default-attributes"},"acf":[],"_links":{"self":[{"href":"https:\/\/kennedy-hygiene.com\/es\/wp-json\/wp\/v2\/product\/12969","targetHints":{"allow":["GET"]}}],"collection":[{"href":"https:\/\/kennedy-hygiene.com\/es\/wp-json\/wp\/v2\/product"}],"about":[{"href":"https:\/\/kennedy-hygiene.com\/es\/wp-json\/wp\/v2\/types\/product"}],"replies":[{"embeddable":true,"href":"https:\/\/kennedy-hygiene.com\/es\/wp-json\/wp\/v2\/comments?post=12969"}],"wp:attachment":[{"href":"https:\/\/kennedy-hygiene.com\/es\/wp-json\/wp\/v2\/media?parent=12969"}],"wp:term":[{"taxonomy":"product_brand","embeddable":true,"href":"https:\/\/kennedy-hygiene.com\/es\/wp-json\/wp\/v2\/product_brand?post=12969"},{"taxonomy":"product_cat","embeddable":true,"href":"https:\/\/kennedy-hygiene.com\/es\/wp-json\/wp\/v2\/product_cat?post=12969"},{"taxonomy":"product_tag","embeddable":true,"href":"https:\/\/kennedy-hygiene.com\/es\/wp-json\/wp\/v2\/product_tag?post=12969"}],"curies":[{"name":"wp","href":"https:\/\/api.w.org\/{rel}","templated":true}]}}