{"id":12961,"date":"2025-07-21T16:33:08","date_gmt":"2025-07-21T16:33:08","guid":{"rendered":"https:\/\/khg.squareone.digital\/product\/hycare-2\/"},"modified":"2025-07-21T16:39:39","modified_gmt":"2025-07-21T16:39:39","slug":"hycare-2","status":"publish","type":"product","link":"https:\/\/kennedy-hygiene.com\/es\/producto\/hycare-2\/","title":{"rendered":"Hycare"},"content":{"rendered":"<p>Hycare es un dispensador de toalla de algod\u00f3n moderno, s\u00f3lido y duradero.<\/p>\n<p>Este dispensador de toalla completamente autom\u00e1tico con un nuevo sistema de funcionamiento lateral ofrece unas ventajas higi\u00e9nicas y medioambientales superiores, adem\u00e1s de brindar al usuario final una experiencia fant\u00e1stica al secarse las manos.<\/p>\n<p>La unidad, compuesta de dos c\u00e1maras, separa las partes limpias de las usadas de la toallas evitando la contaminaci\u00f3n cruzada. La toalla de algod\u00f3n, previamente lavada, absorbe la humedad de forma excelente garantizando la higiene.<\/p>\n<p>Se trata de un producto natural biodegradable, lo que convierte a este sistema en una opci\u00f3n beneficiosa para el medio ambiente.<\/p>\n","protected":false},"excerpt":{"rendered":"<p>El aparato autom\u00e1tico de distribuci\u00f3n de toalla de algod\u00f3n para las manos<\/p>\n","protected":false},"featured_media":15605,"comment_status":"closed","ping_status":"closed","template":"","meta":{"_acf_changed":false},"product_brand":[],"product_cat":[229,255],"product_tag":[],"class_list":{"0":"post-12961","1":"product","2":"type-product","3":"status-publish","4":"has-post-thumbnail","6":"product_cat-secado-de-manos-es","7":"product_cat-gabinetes-toallas-algodon-es","8":"pa_finish-white-es","10":"first","11":"instock","12":"product-type-variable","13":"has-default-attributes"},"acf":[],"_links":{"self":[{"href":"https:\/\/kennedy-hygiene.com\/es\/wp-json\/wp\/v2\/product\/12961","targetHints":{"allow":["GET"]}}],"collection":[{"href":"https:\/\/kennedy-hygiene.com\/es\/wp-json\/wp\/v2\/product"}],"about":[{"href":"https:\/\/kennedy-hygiene.com\/es\/wp-json\/wp\/v2\/types\/product"}],"replies":[{"embeddable":true,"href":"https:\/\/kennedy-hygiene.com\/es\/wp-json\/wp\/v2\/comments?post=12961"}],"wp:featuredmedia":[{"embeddable":true,"href":"https:\/\/kennedy-hygiene.com\/es\/wp-json\/wp\/v2\/media\/15605"}],"wp:attachment":[{"href":"https:\/\/kennedy-hygiene.com\/es\/wp-json\/wp\/v2\/media?parent=12961"}],"wp:term":[{"taxonomy":"product_brand","embeddable":true,"href":"https:\/\/kennedy-hygiene.com\/es\/wp-json\/wp\/v2\/product_brand?post=12961"},{"taxonomy":"product_cat","embeddable":true,"href":"https:\/\/kennedy-hygiene.com\/es\/wp-json\/wp\/v2\/product_cat?post=12961"},{"taxonomy":"product_tag","embeddable":true,"href":"https:\/\/kennedy-hygiene.com\/es\/wp-json\/wp\/v2\/product_tag?post=12961"}],"curies":[{"name":"wp","href":"https:\/\/api.w.org\/{rel}","templated":true}]}}