{"id":12955,"date":"2025-07-21T16:32:47","date_gmt":"2025-07-21T16:32:47","guid":{"rendered":"https:\/\/khg.squareone.digital\/product\/savona-auto-foam-3\/"},"modified":"2025-07-21T16:39:33","modified_gmt":"2025-07-21T16:39:33","slug":"savona-auto-foam-3","status":"publish","type":"product","link":"https:\/\/kennedy-hygiene.com\/es\/producto\/savona-auto-foam-3\/","title":{"rendered":"Savona  Auto Foam"},"content":{"rendered":"<p>La gama de dispensadores Savona  Auto proporciona una soluci\u00f3n ultra higi\u00e9nica para el lavado de manos. Basada en una tecnolog\u00eda que detecta la proximidad de infrarrojos combinada con un sistema de dosificaci\u00f3n r\u00e1pido, este dispensador de jab\u00f3n autom\u00e1tico ofrece una de las experiencias en dispensadores de jab\u00f3n sin necesidad de contacto m\u00e1s f\u00e1ciles de usar.<\/p>\n<p>La gama de Savona  Auto consta de dos versiones distintas: un dispensador de jab\u00f3n en espuma y un dispensador de jab\u00f3n l\u00edquido. Estas unidades son especialmente adecuadas para entornos sensibles a la higiene y son compatibles con diversos tama\u00f1os de cartuchos, as\u00ed como con las botellas de llenado directo.<\/p>\n<p>Gracias a su m\u00f3dulo electr\u00f3nico de alta eficiencia energ\u00e9tica este dispensador de jab\u00f3n solo necesita dos bater\u00edas de bot\u00f3n tipo D para ofrecer hasta 85 botellas de 800 ml de jab\u00f3n en espuma \/ 96 botellas de 1 litro de jab\u00f3n liquido, por lo que sus costes de funcionamiento se mantienen muy bajos.<\/p>\n<p>Los dispensadores est\u00e1n disponibles con una selecci\u00f3n de impresiones personalizadas o en la gama Kennedy con atractivos acabados.<\/p>\n<p>&nbsp;<\/p>\n","protected":false},"excerpt":{"rendered":"<p>Dispensadores de jab\u00f3n electr\u00f3nicos sin necesidad de contacto<\/p>\n","protected":false},"featured_media":0,"comment_status":"closed","ping_status":"closed","template":"","meta":{"_acf_changed":false},"product_brand":[],"product_cat":[289,303],"product_tag":[],"class_list":{"0":"post-12955","1":"product","2":"type-product","3":"status-publish","5":"product_cat-lavado-de-manos","6":"product_cat-dosificadores-de-jabon-de-espuma","7":"pa_finish-white-es","8":"pa_finish-chrome-es","9":"pa_finish-satin-es","10":"pa_finish-silver-es","12":"first","13":"instock","14":"product-type-variable","15":"has-default-attributes"},"acf":[],"_links":{"self":[{"href":"https:\/\/kennedy-hygiene.com\/es\/wp-json\/wp\/v2\/product\/12955","targetHints":{"allow":["GET"]}}],"collection":[{"href":"https:\/\/kennedy-hygiene.com\/es\/wp-json\/wp\/v2\/product"}],"about":[{"href":"https:\/\/kennedy-hygiene.com\/es\/wp-json\/wp\/v2\/types\/product"}],"replies":[{"embeddable":true,"href":"https:\/\/kennedy-hygiene.com\/es\/wp-json\/wp\/v2\/comments?post=12955"}],"wp:attachment":[{"href":"https:\/\/kennedy-hygiene.com\/es\/wp-json\/wp\/v2\/media?parent=12955"}],"wp:term":[{"taxonomy":"product_brand","embeddable":true,"href":"https:\/\/kennedy-hygiene.com\/es\/wp-json\/wp\/v2\/product_brand?post=12955"},{"taxonomy":"product_cat","embeddable":true,"href":"https:\/\/kennedy-hygiene.com\/es\/wp-json\/wp\/v2\/product_cat?post=12955"},{"taxonomy":"product_tag","embeddable":true,"href":"https:\/\/kennedy-hygiene.com\/es\/wp-json\/wp\/v2\/product_tag?post=12955"}],"curies":[{"name":"wp","href":"https:\/\/api.w.org\/{rel}","templated":true}]}}