{"id":12825,"date":"2025-07-21T16:08:27","date_gmt":"2025-07-21T16:08:27","guid":{"rendered":"https:\/\/khg.squareone.digital\/product\/ladybin-2\/"},"modified":"2025-07-21T16:12:38","modified_gmt":"2025-07-21T16:12:38","slug":"ladybin-2","status":"publish","type":"product","link":"https:\/\/kennedy-hygiene.com\/es\/producto\/ladybin-2\/","title":{"rendered":"Ladybin"},"content":{"rendered":"<p>Ladybin es una moderna unidad de higiene femenina de 23 litros que ofrece m\u00e1xima capacidad de contenci\u00f3n de los residuos, ocupando un m\u00ednimo espacio en el suelo. La unidad puede usarse para el recambio de bolsa y contenedor y est\u00e1 disponible en versiones manual y electr\u00f3nica sin necesidad de contacto.<\/p>\n<p>Ladybin es una unidad robusta fabricada con materiales de gran calidad. Incorpora caracter\u00edsticas inteligentes para facilitar el mantenimiento y promueve una higiene m\u00e1xima, proporcionando una agradable experiencia para el usuario.<\/p>\n","protected":false},"excerpt":{"rendered":"<p>Moderna unidad de higiene femenina<\/p>\n","protected":false},"featured_media":0,"comment_status":"closed","ping_status":"closed","template":"","meta":{"_acf_changed":false},"product_brand":[],"product_cat":[267,261],"product_tag":[],"class_list":{"0":"post-12825","1":"product","2":"type-product","3":"status-publish","5":"product_cat-papeleras-de-productos-sanitarios","6":"product_cat-unidades-de-higiene-femenina","7":"pa_finish-silver-es","8":"pa_finish-white-es","10":"first","11":"instock","12":"product-type-variable","13":"has-default-attributes"},"acf":[],"_links":{"self":[{"href":"https:\/\/kennedy-hygiene.com\/es\/wp-json\/wp\/v2\/product\/12825","targetHints":{"allow":["GET"]}}],"collection":[{"href":"https:\/\/kennedy-hygiene.com\/es\/wp-json\/wp\/v2\/product"}],"about":[{"href":"https:\/\/kennedy-hygiene.com\/es\/wp-json\/wp\/v2\/types\/product"}],"replies":[{"embeddable":true,"href":"https:\/\/kennedy-hygiene.com\/es\/wp-json\/wp\/v2\/comments?post=12825"}],"wp:attachment":[{"href":"https:\/\/kennedy-hygiene.com\/es\/wp-json\/wp\/v2\/media?parent=12825"}],"wp:term":[{"taxonomy":"product_brand","embeddable":true,"href":"https:\/\/kennedy-hygiene.com\/es\/wp-json\/wp\/v2\/product_brand?post=12825"},{"taxonomy":"product_cat","embeddable":true,"href":"https:\/\/kennedy-hygiene.com\/es\/wp-json\/wp\/v2\/product_cat?post=12825"},{"taxonomy":"product_tag","embeddable":true,"href":"https:\/\/kennedy-hygiene.com\/es\/wp-json\/wp\/v2\/product_tag?post=12825"}],"curies":[{"name":"wp","href":"https:\/\/api.w.org\/{rel}","templated":true}]}}