{"id":12817,"date":"2025-07-21T16:07:58","date_gmt":"2025-07-21T16:07:58","guid":{"rendered":"https:\/\/khg.squareone.digital\/product\/intima-mini-auto-2\/"},"modified":"2025-07-21T16:12:32","modified_gmt":"2025-07-21T16:12:32","slug":"intima-mini-auto-2","status":"publish","type":"product","link":"https:\/\/kennedy-hygiene.com\/es\/producto\/intima-mini-auto-2\/","title":{"rendered":"Intima Mini Auto"},"content":{"rendered":"<p>Intima se desarroll\u00f3 como respuesta a la demanda de mercado de una unidad de higiene femenina est\u00e9ticamente atractiva, robusta y de f\u00e1cil mantenimiento. En poco tiempo Intima de Kennedy se ha convertido en la unidad de higiene femenina l\u00edder del mercado.<\/p>\n<p>Disponible en modelos compactos de 23 y 15 litros, Intima e Intima Mini combinan gran capacidad para los residuos en un dise\u00f1o esbelto, moderno y compacto, ocupando un espacio m\u00ednimo en el suelo. Ambos modelos pueden usarse para el servicio de intercambio de bolsa y abarcan caracter\u00edsticas excepcionales de funcionalidad, calidad y facilidad de mantenimiento. Las unidades est\u00e1n disponibles en la gama completa de acabados Kennedy.<\/p>\n","protected":false},"excerpt":{"rendered":"<p>Unidad de higiene femenina con sensor l\u00edder del mercado<\/p>\n","protected":false},"featured_media":0,"comment_status":"closed","ping_status":"closed","template":"","meta":{"_acf_changed":false},"product_brand":[],"product_cat":[267,261],"product_tag":[],"class_list":{"0":"post-12817","1":"product","2":"type-product","3":"status-publish","5":"product_cat-papeleras-de-productos-sanitarios","6":"product_cat-unidades-de-higiene-femenina","7":"pa_finish-chrome-es","8":"pa_finish-silver-es","9":"pa_finish-white-es","11":"first","12":"instock","13":"product-type-variable","14":"has-default-attributes"},"acf":[],"_links":{"self":[{"href":"https:\/\/kennedy-hygiene.com\/es\/wp-json\/wp\/v2\/product\/12817","targetHints":{"allow":["GET"]}}],"collection":[{"href":"https:\/\/kennedy-hygiene.com\/es\/wp-json\/wp\/v2\/product"}],"about":[{"href":"https:\/\/kennedy-hygiene.com\/es\/wp-json\/wp\/v2\/types\/product"}],"replies":[{"embeddable":true,"href":"https:\/\/kennedy-hygiene.com\/es\/wp-json\/wp\/v2\/comments?post=12817"}],"wp:attachment":[{"href":"https:\/\/kennedy-hygiene.com\/es\/wp-json\/wp\/v2\/media?parent=12817"}],"wp:term":[{"taxonomy":"product_brand","embeddable":true,"href":"https:\/\/kennedy-hygiene.com\/es\/wp-json\/wp\/v2\/product_brand?post=12817"},{"taxonomy":"product_cat","embeddable":true,"href":"https:\/\/kennedy-hygiene.com\/es\/wp-json\/wp\/v2\/product_cat?post=12817"},{"taxonomy":"product_tag","embeddable":true,"href":"https:\/\/kennedy-hygiene.com\/es\/wp-json\/wp\/v2\/product_tag?post=12817"}],"curies":[{"name":"wp","href":"https:\/\/api.w.org\/{rel}","templated":true}]}}