{"id":12619,"date":"2025-07-21T15:33:43","date_gmt":"2025-07-21T15:33:43","guid":{"rendered":"https:\/\/khg.squareone.digital\/product\/cambiador-horizontal\/"},"modified":"2025-07-21T15:40:58","modified_gmt":"2025-07-21T15:40:58","slug":"cambiador-horizontal","status":"publish","type":"product","link":"https:\/\/kennedy-hygiene.com\/es\/producto\/cambiador-horizontal\/","title":{"rendered":"Cambiador Horizontal"},"content":{"rendered":"<p>El dise\u00f1o del cambiador para beb\u00e9s garantiza que el cambio de pa\u00f1ales en los servicios p\u00fablicos se lleve a cabo de manera segura e higi\u00e9nica.<\/p>\n<p>Con cada mesa se proporciona una placa de aluminio autoadhesiva para la puerta del ba\u00f1o que indica que hay un cambiador en el interior.<\/p>\n<p>El colgador para bolsas en cada extremo del cambiador permite colgar la bolsa de pa\u00f1ales y acceder a ella con facilidad, contando tambi\u00e9n con un segundo gancho para bolsos, bolsas de la compra, chaquetas, etc.<\/p>\n","protected":false},"excerpt":{"rendered":"<p>Robusta unidad de cambiador mural<\/p>\n","protected":false},"featured_media":0,"comment_status":"closed","ping_status":"open","template":"","meta":{"_acf_changed":false},"product_brand":[],"product_cat":[329,241],"product_tag":[],"class_list":{"0":"post-12619","1":"product","2":"type-product","3":"status-publish","5":"product_cat-cambiador-de-panale","6":"product_cat-higiene-del-bebe","7":"pa_finish-grey-4","9":"first","10":"instock","11":"product-type-variable","12":"has-default-attributes"},"acf":[],"_links":{"self":[{"href":"https:\/\/kennedy-hygiene.com\/es\/wp-json\/wp\/v2\/product\/12619","targetHints":{"allow":["GET"]}}],"collection":[{"href":"https:\/\/kennedy-hygiene.com\/es\/wp-json\/wp\/v2\/product"}],"about":[{"href":"https:\/\/kennedy-hygiene.com\/es\/wp-json\/wp\/v2\/types\/product"}],"replies":[{"embeddable":true,"href":"https:\/\/kennedy-hygiene.com\/es\/wp-json\/wp\/v2\/comments?post=12619"}],"wp:attachment":[{"href":"https:\/\/kennedy-hygiene.com\/es\/wp-json\/wp\/v2\/media?parent=12619"}],"wp:term":[{"taxonomy":"product_brand","embeddable":true,"href":"https:\/\/kennedy-hygiene.com\/es\/wp-json\/wp\/v2\/product_brand?post=12619"},{"taxonomy":"product_cat","embeddable":true,"href":"https:\/\/kennedy-hygiene.com\/es\/wp-json\/wp\/v2\/product_cat?post=12619"},{"taxonomy":"product_tag","embeddable":true,"href":"https:\/\/kennedy-hygiene.com\/es\/wp-json\/wp\/v2\/product_tag?post=12619"}],"curies":[{"name":"wp","href":"https:\/\/api.w.org\/{rel}","templated":true}]}}