{"id":12611,"date":"2025-07-21T15:33:32","date_gmt":"2025-07-21T15:33:32","guid":{"rendered":"https:\/\/khg.squareone.digital\/product\/bambina-2\/"},"modified":"2025-07-21T15:40:51","modified_gmt":"2025-07-21T15:40:51","slug":"bambina-2","status":"publish","type":"product","link":"https:\/\/kennedy-hygiene.com\/es\/producto\/bambina-2\/","title":{"rendered":"Bambina"},"content":{"rendered":"<p>Bambina es un contenedor para pa\u00f1ales con pedal de 50 litros. Desarrollado para responder a la demanda del mercado de un contenedor de pedal robusto y atractivo, Bambina incorpora una gran cantidad de caracter\u00edsticas pr\u00e1cticas y f\u00e1ciles de usar.<\/p>\n<p>La unidad dispone de una gran capacidad de contenci\u00f3n de deshechos, adem\u00e1s de una imagen compacta, moderna y atractiva. Funciona con pedal para garantizar una m\u00e1xima higiene y cuenta.<\/p>\n<p>La caracter\u00edstica principal de mantenimiento f\u00e1cil incluye\u00a0 una cubierta higi\u00e9nica extra\u00edble\u00a0que protege el interior de la unidad de la suciedad y puede extraerse para una limpieza m\u00e1s c\u00f3moda.<\/p>\n","protected":false},"excerpt":{"rendered":"<p>Contenedor para pa\u00f1ales con pedal<\/p>\n","protected":false},"featured_media":0,"comment_status":"closed","ping_status":"closed","template":"","meta":{"_acf_changed":false},"product_brand":[],"product_cat":[247,241],"product_tag":[],"class_list":{"0":"post-12611","1":"product","2":"type-product","3":"status-publish","5":"product_cat-contenedor-para-panales","6":"product_cat-higiene-del-bebe","7":"pa_finish-white-es","8":"pa_finish-yellow-2","9":"pa_finish-grey-4","11":"first","12":"instock","13":"product-type-variable","14":"has-default-attributes"},"acf":[],"_links":{"self":[{"href":"https:\/\/kennedy-hygiene.com\/es\/wp-json\/wp\/v2\/product\/12611","targetHints":{"allow":["GET"]}}],"collection":[{"href":"https:\/\/kennedy-hygiene.com\/es\/wp-json\/wp\/v2\/product"}],"about":[{"href":"https:\/\/kennedy-hygiene.com\/es\/wp-json\/wp\/v2\/types\/product"}],"replies":[{"embeddable":true,"href":"https:\/\/kennedy-hygiene.com\/es\/wp-json\/wp\/v2\/comments?post=12611"}],"wp:attachment":[{"href":"https:\/\/kennedy-hygiene.com\/es\/wp-json\/wp\/v2\/media?parent=12611"}],"wp:term":[{"taxonomy":"product_brand","embeddable":true,"href":"https:\/\/kennedy-hygiene.com\/es\/wp-json\/wp\/v2\/product_brand?post=12611"},{"taxonomy":"product_cat","embeddable":true,"href":"https:\/\/kennedy-hygiene.com\/es\/wp-json\/wp\/v2\/product_cat?post=12611"},{"taxonomy":"product_tag","embeddable":true,"href":"https:\/\/kennedy-hygiene.com\/es\/wp-json\/wp\/v2\/product_tag?post=12611"}],"curies":[{"name":"wp","href":"https:\/\/api.w.org\/{rel}","templated":true}]}}