{"id":12603,"date":"2025-07-21T15:33:04","date_gmt":"2025-07-21T15:33:04","guid":{"rendered":"https:\/\/khg.squareone.digital\/product\/activa-2\/"},"modified":"2025-07-21T15:40:46","modified_gmt":"2025-07-21T15:40:46","slug":"activa-2","status":"publish","type":"product","link":"https:\/\/kennedy-hygiene.com\/es\/producto\/activa-2\/","title":{"rendered":"Activa"},"content":{"rendered":"<p>Activa es un desinfectante completamente programable creado especialmente para los proveedores de servicios. Una soluci\u00f3n total para prevenir eficazmente las incrustaciones y controlar la proliferaci\u00f3n de bacterias y malos olores en orinales, WC y tuber\u00edas correspondientes, el innovador dise\u00f1o de Activa hace del mismo un producto flexible y pr\u00e1ctico. La unidad est\u00e1 disponible en la gama completa de atractivos terminados Kennedy.<\/p>\n<p>En el coraz\u00f3n del sistema se encuentra Bio-active, un avanzado fluido 3 en 1 altamente eficaz, basado en ingredientes naturales. Bio-active neutraliza el mal olor evitando la formaci\u00f3n de incrustaciones y controlando la proliferaci\u00f3n de bacterias nocivas.<\/p>\n","protected":false},"excerpt":{"rendered":"<p>Desinfectante para WC y orinal completamente programable<\/p>\n","protected":false},"featured_media":0,"comment_status":"closed","ping_status":"closed","template":"","meta":{"_acf_changed":false},"product_brand":[],"product_cat":[209,207],"product_tag":[],"class_list":{"0":"post-12603","1":"product","2":"type-product","3":"status-publish","5":"product_cat-desinfectante-para-urinales-y-wc","6":"product_cat-desinfectantes","7":"pa_finish-silver-es","8":"pa_finish-white-es","9":"pa_finish-chrome-es","11":"first","12":"instock","13":"product-type-variable","14":"has-default-attributes"},"acf":[],"_links":{"self":[{"href":"https:\/\/kennedy-hygiene.com\/es\/wp-json\/wp\/v2\/product\/12603","targetHints":{"allow":["GET"]}}],"collection":[{"href":"https:\/\/kennedy-hygiene.com\/es\/wp-json\/wp\/v2\/product"}],"about":[{"href":"https:\/\/kennedy-hygiene.com\/es\/wp-json\/wp\/v2\/types\/product"}],"replies":[{"embeddable":true,"href":"https:\/\/kennedy-hygiene.com\/es\/wp-json\/wp\/v2\/comments?post=12603"}],"wp:attachment":[{"href":"https:\/\/kennedy-hygiene.com\/es\/wp-json\/wp\/v2\/media?parent=12603"}],"wp:term":[{"taxonomy":"product_brand","embeddable":true,"href":"https:\/\/kennedy-hygiene.com\/es\/wp-json\/wp\/v2\/product_brand?post=12603"},{"taxonomy":"product_cat","embeddable":true,"href":"https:\/\/kennedy-hygiene.com\/es\/wp-json\/wp\/v2\/product_cat?post=12603"},{"taxonomy":"product_tag","embeddable":true,"href":"https:\/\/kennedy-hygiene.com\/es\/wp-json\/wp\/v2\/product_tag?post=12603"}],"curies":[{"name":"wp","href":"https:\/\/api.w.org\/{rel}","templated":true}]}}