{"id":12345,"date":"2025-07-21T15:10:00","date_gmt":"2025-07-21T15:10:00","guid":{"rendered":"https:\/\/khg.squareone.digital\/product\/seatsan-auto-2\/"},"modified":"2025-07-21T15:19:48","modified_gmt":"2025-07-21T15:19:48","slug":"seatsan-auto-2","status":"publish","type":"product","link":"https:\/\/kennedy-hygiene.com\/es\/producto\/seatsan-auto-2\/","title":{"rendered":"Seatsan  Auto"},"content":{"rendered":"<p>Auto Seatsan  proporciona una soluci\u00f3n de m\u00e1xima higiene para la desinfecci\u00f3n de asientos de inodoro. La unidad dispensa espuma bactericida desinfectante para inodoros. La espuma ultra econ\u00f3mica utiliza un 30% menos de consumo en comparaci\u00f3n con otros l\u00edquidos desinfectantes y elimina el 99.99% de bacterias que se encuentran en los asientos de inodoro. El consumible tambi\u00e9n se ajusta a las normas europeas de bactericidas y fungicidas.<\/p>\n<p>Gracias a su m\u00f3dulo electr\u00f3nico de alta eficiencia energ\u00e9tica,\u00a0 Auto Seatsan  solo necesita dos bater\u00edas de bot\u00f3n tipo D para ofrecer 85 botellas de 800 ml de espuma desinfectante, por lo que sus costes de funcionamiento se mantienen muy bajos.<\/p>\n","protected":false},"excerpt":{"rendered":"<p>Dispensador touch-free de espuma desinfectante para asientos de inodoro<\/p>\n","protected":false},"featured_media":0,"comment_status":"closed","ping_status":"closed","template":"","meta":{"_acf_changed":false},"product_brand":[],"product_cat":[609,207],"product_tag":[],"class_list":{"0":"post-12345","1":"product","2":"type-product","3":"status-publish","5":"product_cat-desinfectantes-para-el-asiento-sanitising","6":"product_cat-desinfectantes","7":"pa_finish-chrome-es","8":"pa_finish-silver-es","9":"pa_finish-white-es","11":"first","12":"instock","13":"product-type-variable","14":"has-default-attributes"},"acf":[],"_links":{"self":[{"href":"https:\/\/kennedy-hygiene.com\/es\/wp-json\/wp\/v2\/product\/12345","targetHints":{"allow":["GET"]}}],"collection":[{"href":"https:\/\/kennedy-hygiene.com\/es\/wp-json\/wp\/v2\/product"}],"about":[{"href":"https:\/\/kennedy-hygiene.com\/es\/wp-json\/wp\/v2\/types\/product"}],"replies":[{"embeddable":true,"href":"https:\/\/kennedy-hygiene.com\/es\/wp-json\/wp\/v2\/comments?post=12345"}],"wp:attachment":[{"href":"https:\/\/kennedy-hygiene.com\/es\/wp-json\/wp\/v2\/media?parent=12345"}],"wp:term":[{"taxonomy":"product_brand","embeddable":true,"href":"https:\/\/kennedy-hygiene.com\/es\/wp-json\/wp\/v2\/product_brand?post=12345"},{"taxonomy":"product_cat","embeddable":true,"href":"https:\/\/kennedy-hygiene.com\/es\/wp-json\/wp\/v2\/product_cat?post=12345"},{"taxonomy":"product_tag","embeddable":true,"href":"https:\/\/kennedy-hygiene.com\/es\/wp-json\/wp\/v2\/product_tag?post=12345"}],"curies":[{"name":"wp","href":"https:\/\/api.w.org\/{rel}","templated":true}]}}