{"id":12337,"date":"2025-07-21T15:09:29","date_gmt":"2025-07-21T15:09:29","guid":{"rendered":"https:\/\/khg.squareone.digital\/product\/seatsan-2\/"},"modified":"2025-07-21T15:19:40","modified_gmt":"2025-07-21T15:19:40","slug":"seatsan-2","status":"publish","type":"product","link":"https:\/\/kennedy-hygiene.com\/es\/producto\/seatsan-2\/","title":{"rendered":"Seatsan"},"content":{"rendered":"<p>Seatsan  proporciona espuma desinfectante virucida\/bactericida para el asiento del WC. La espuma ultra econ\u00f3mica utiliza un 30% menos de consumible que un desinfectante l\u00edquido y mata el 99,99% de las bacterias que se encuentran en el asiento del WC. El consumible adem\u00e1s, cumple las normativas europeas bactericidas y fungicidas.<\/p>\n<p>El sistema de carga del recambio a prueba de errores facilita el mantenimiento, mientras que el secado instant\u00e1neo y la dosificaci\u00f3n uniforme son una ayuda para el usuario.<\/p>\n","protected":false},"excerpt":{"rendered":"<p>Dosificador de espuma desinfectante para el asiento del WC<\/p>\n","protected":false},"featured_media":0,"comment_status":"closed","ping_status":"closed","template":"","meta":{"_acf_changed":false},"product_brand":[],"product_cat":[609,207],"product_tag":[],"class_list":{"0":"post-12337","1":"product","2":"type-product","3":"status-publish","5":"product_cat-desinfectantes-para-el-asiento-sanitising","6":"product_cat-desinfectantes","7":"pa_finish-chrome-es","8":"pa_finish-obsidian-es","9":"pa_finish-satin-es","10":"pa_finish-silver-es","11":"pa_finish-white-es","13":"first","14":"instock","15":"product-type-variable","16":"has-default-attributes"},"acf":[],"_links":{"self":[{"href":"https:\/\/kennedy-hygiene.com\/es\/wp-json\/wp\/v2\/product\/12337","targetHints":{"allow":["GET"]}}],"collection":[{"href":"https:\/\/kennedy-hygiene.com\/es\/wp-json\/wp\/v2\/product"}],"about":[{"href":"https:\/\/kennedy-hygiene.com\/es\/wp-json\/wp\/v2\/types\/product"}],"replies":[{"embeddable":true,"href":"https:\/\/kennedy-hygiene.com\/es\/wp-json\/wp\/v2\/comments?post=12337"}],"wp:attachment":[{"href":"https:\/\/kennedy-hygiene.com\/es\/wp-json\/wp\/v2\/media?parent=12337"}],"wp:term":[{"taxonomy":"product_brand","embeddable":true,"href":"https:\/\/kennedy-hygiene.com\/es\/wp-json\/wp\/v2\/product_brand?post=12337"},{"taxonomy":"product_cat","embeddable":true,"href":"https:\/\/kennedy-hygiene.com\/es\/wp-json\/wp\/v2\/product_cat?post=12337"},{"taxonomy":"product_tag","embeddable":true,"href":"https:\/\/kennedy-hygiene.com\/es\/wp-json\/wp\/v2\/product_tag?post=12337"}],"curies":[{"name":"wp","href":"https:\/\/api.w.org\/{rel}","templated":true}]}}