{"id":12329,"date":"2025-07-21T15:09:18","date_gmt":"2025-07-21T15:09:18","guid":{"rendered":"https:\/\/khg.squareone.digital\/product\/spa-2\/"},"modified":"2025-07-21T15:19:34","modified_gmt":"2025-07-21T15:19:34","slug":"spa-2","status":"publish","type":"product","link":"https:\/\/kennedy-hygiene.com\/es\/producto\/spa-2\/","title":{"rendered":"Spa"},"content":{"rendered":"<p>Spa  es un ambientador programable en aerosol dise\u00f1ado para satisfacer las necesidades del t\u00e9cnico de manteamiento y del usuario. Programaci\u00f3n personalizada ilimitada con las opciones de 7, 14, 20, 30 minutos, 12 \u00f3 24 horas y 5 \u00f3 7 d\u00edas. Gracias a los detalles como la gran pantalla LCD inclinada de f\u00e1cil visi\u00f3n del Spa  y el software intuitivo, la programaci\u00f3n es una tarea sencilla y se reducen los costes debido a la gama de uso ilimitado del frasco.<\/p>\n<p>El sistema de ambientadores en aerosol Spa  est\u00e1 complementado por la gama \u00abFreedom in Fragrance\u2122\u00bb de Kennedy, de eficaces fragancias en ambientador aprobadas por la UE. SPA usa pilas 2 D.<\/p>\n","protected":false},"excerpt":{"rendered":"<p>Ambientador programable en aerosol<\/p>\n","protected":false},"featured_media":0,"comment_status":"closed","ping_status":"closed","template":"","meta":{"_acf_changed":false},"product_brand":[],"product_cat":[337,217],"product_tag":[],"class_list":{"0":"post-12329","1":"product","2":"type-product","3":"status-publish","5":"product_cat-ambientadores-programables","6":"product_cat-ambientadores","7":"pa_finish-silver-es","8":"pa_finish-white-es","9":"pa_finish-chrome-es","10":"pa_finish-obsidian-es","11":"pa_finish-satin-es","13":"first","14":"instock","15":"product-type-variable","16":"has-default-attributes"},"acf":[],"_links":{"self":[{"href":"https:\/\/kennedy-hygiene.com\/es\/wp-json\/wp\/v2\/product\/12329","targetHints":{"allow":["GET"]}}],"collection":[{"href":"https:\/\/kennedy-hygiene.com\/es\/wp-json\/wp\/v2\/product"}],"about":[{"href":"https:\/\/kennedy-hygiene.com\/es\/wp-json\/wp\/v2\/types\/product"}],"replies":[{"embeddable":true,"href":"https:\/\/kennedy-hygiene.com\/es\/wp-json\/wp\/v2\/comments?post=12329"}],"wp:attachment":[{"href":"https:\/\/kennedy-hygiene.com\/es\/wp-json\/wp\/v2\/media?parent=12329"}],"wp:term":[{"taxonomy":"product_brand","embeddable":true,"href":"https:\/\/kennedy-hygiene.com\/es\/wp-json\/wp\/v2\/product_brand?post=12329"},{"taxonomy":"product_cat","embeddable":true,"href":"https:\/\/kennedy-hygiene.com\/es\/wp-json\/wp\/v2\/product_cat?post=12329"},{"taxonomy":"product_tag","embeddable":true,"href":"https:\/\/kennedy-hygiene.com\/es\/wp-json\/wp\/v2\/product_tag?post=12329"}],"curies":[{"name":"wp","href":"https:\/\/api.w.org\/{rel}","templated":true}]}}