{"id":12321,"date":"2025-07-21T15:09:07","date_gmt":"2025-07-21T15:09:07","guid":{"rendered":"https:\/\/khg.squareone.digital\/product\/airplus-2\/"},"modified":"2025-07-21T15:19:27","modified_gmt":"2025-07-21T15:19:27","slug":"airplus-2","status":"publish","type":"product","link":"https:\/\/kennedy-hygiene.com\/es\/producto\/airplus-2\/","title":{"rendered":"Airplus"},"content":{"rendered":"<p>Airplus  es una soluci\u00f3n de ambientador sencilla, sin pilas y montada directamente en la puerta de las cabinas de aseo. La unidad ofrece la m\u00e1xima facilidad de mantenimiento gracias a su carga y activaci\u00f3n sencillas y no requiere programaci\u00f3n.<br \/>\nLa tecnolog\u00eda de mecha integrada permite una liberaci\u00f3n gradual y constante de la fragancia durante un periodo de hasta 60 d\u00edas.<\/p>\n<p>Airplus  viene con un set de 5 fragancias Kennedy que van desde tonos frescos y relajantes hasta notas afrutadas y florales.<\/p>\n","protected":false},"excerpt":{"rendered":"<p>Sistema de ambientador por mecha, sin pila y para 60 d\u00edas<\/p>\n","protected":false},"featured_media":0,"comment_status":"closed","ping_status":"closed","template":"","meta":{"_acf_changed":false},"product_brand":[],"product_cat":[223,217],"product_tag":[],"class_list":{"0":"post-12321","1":"product","2":"type-product","3":"status-publish","5":"product_cat-ambientadores-sin-aerosol","6":"product_cat-ambientadores","7":"pa_finish-white-es","8":"pa_finish-chrome-es","9":"pa_finish-satin-es","10":"pa_finish-silver-es","12":"first","13":"instock","14":"product-type-variable","15":"has-default-attributes"},"acf":[],"_links":{"self":[{"href":"https:\/\/kennedy-hygiene.com\/es\/wp-json\/wp\/v2\/product\/12321","targetHints":{"allow":["GET"]}}],"collection":[{"href":"https:\/\/kennedy-hygiene.com\/es\/wp-json\/wp\/v2\/product"}],"about":[{"href":"https:\/\/kennedy-hygiene.com\/es\/wp-json\/wp\/v2\/types\/product"}],"replies":[{"embeddable":true,"href":"https:\/\/kennedy-hygiene.com\/es\/wp-json\/wp\/v2\/comments?post=12321"}],"wp:attachment":[{"href":"https:\/\/kennedy-hygiene.com\/es\/wp-json\/wp\/v2\/media?parent=12321"}],"wp:term":[{"taxonomy":"product_brand","embeddable":true,"href":"https:\/\/kennedy-hygiene.com\/es\/wp-json\/wp\/v2\/product_brand?post=12321"},{"taxonomy":"product_cat","embeddable":true,"href":"https:\/\/kennedy-hygiene.com\/es\/wp-json\/wp\/v2\/product_cat?post=12321"},{"taxonomy":"product_tag","embeddable":true,"href":"https:\/\/kennedy-hygiene.com\/es\/wp-json\/wp\/v2\/product_tag?post=12321"}],"curies":[{"name":"wp","href":"https:\/\/api.w.org\/{rel}","templated":true}]}}